{"id":2251,"date":"2021-11-15T13:24:40","date_gmt":"2021-11-15T12:24:40","guid":{"rendered":"https:\/\/wizedistribution.com\/?page_id=2251"},"modified":"2021-11-25T14:07:30","modified_gmt":"2021-11-25T13:07:30","slug":"accueil","status":"publish","type":"page","link":"https:\/\/wizedistribution.com\/","title":{"rendered":""},"content":{"rendered":"\n<div style=\"height:70px\" aria-hidden=\"true\" class=\"wp-block-spacer\"><\/div>\n\n\n\n<div class=\"wp-block-cover alignfull is-light\" style=\"min-height:300px\"><span aria-hidden=\"true\" class=\"has-nv-text-dark-bg-background-color wp-block-cover__gradient-background has-background-dim\"><\/span><video class=\"wp-block-cover__video-background intrinsic-ignore\" autoplay muted loop playsinline src=\"https:\/\/wizedistribution.com\/wp-content\/uploads\/2021\/11\/WIZE-DISTRIBUTION-HOMEPAGE-2-1.mp4\" data-object-fit=\"cover\"><\/video><div class=\"wp-block-cover__inner-container\">\n<p class=\"has-text-align-center has-neve-link-color-color has-text-color\" style=\"font-size:47px\"><strong><span class=\"has-inline-color has-nv-site-bg-color\">W<\/span><span class=\"has-inline-color has-neve-link-color-color\">I<\/span><span class=\"has-inline-color has-nv-site-bg-color\">ZE DISTR<\/span><span class=\"has-inline-color has-neve-link-color-color\">I<\/span><span class=\"has-inline-color has-nv-site-bg-color\">BUTION<\/span><\/strong><\/p>\n\n\n\n<p class=\"has-text-align-center has-neve-link-color-color has-text-color has-medium-font-size\"><strong><span class=\"has-inline-color has-nv-site-bg-color\">De la Conception \u00e0 la Mise en Rayon<\/span><\/strong><\/p>\n<\/div><\/div>\n\n\n\n<div style=\"height:70px\" aria-hidden=\"true\" class=\"wp-block-spacer\"><\/div>\n\n\n\n<hr class=\"wp-block-separator aligncenter has-text-color has-background has-neve-link-color-background-color has-neve-link-color-color is-style-default\"\/>\n\n\n\n<div style=\"height:70px\" aria-hidden=\"true\" class=\"wp-block-spacer\"><\/div>\n\n\n\n<h1 class=\"has-text-align-center\" id=\"pourquoi-choisir-wize-distribution\"><strong>POURQUOI CHOISIR W<span class=\"has-inline-color has-neve-link-color-color\">I<\/span>ZE DISTR<span class=\"has-inline-color has-neve-link-color-color\">I<\/span>BUTION?<\/strong><\/h1>\n\n\n\n<div class=\"wp-block-columns alignwide\">\n<div class=\"wp-block-column\">\n<div class=\"wp-block-image animated zoomIn slow\"><figure class=\"aligncenter size-full\"><img loading=\"lazy\" width=\"500\" height=\"500\" src=\"https:\/\/wizedistribution.com\/wp-content\/uploads\/2021\/11\/EXPERTISE.png\" alt=\"\" class=\"wp-image-2432\" srcset=\"https:\/\/wizedistribution.com\/wp-content\/uploads\/2021\/11\/EXPERTISE.png 500w, https:\/\/wizedistribution.com\/wp-content\/uploads\/2021\/11\/EXPERTISE-300x300.png 300w, https:\/\/wizedistribution.com\/wp-content\/uploads\/2021\/11\/EXPERTISE-150x150.png 150w\" sizes=\"(max-width: 500px) 100vw, 500px\" \/><\/figure><\/div>\n\n\n\n<h3 class=\"has-text-align-center\" id=\"expertise\"><strong>EXPERT<span class=\"has-inline-color has-neve-link-color-color\">I<\/span>SE<\/strong><\/h3>\n\n\n\n<p class=\"has-text-align-left\">Nos experts merchandiseurs sont au service de nos clients pour un service d&rsquo;excellence<\/p>\n\n\n\n<div class=\"wp-container-69faa3c437262 wp-block-buttons\"><\/div>\n\n\n\n<div style=\"height:30px\" aria-hidden=\"true\" class=\"wp-block-spacer\"><\/div>\n<\/div>\n\n\n\n<div class=\"wp-block-column\">\n<figure class=\"wp-block-image size-full animated zoomIn slow\"><img loading=\"lazy\" width=\"500\" height=\"500\" src=\"https:\/\/wizedistribution.com\/wp-content\/uploads\/2021\/11\/TENDANCE.png\" alt=\"\" class=\"wp-image-2434\" srcset=\"https:\/\/wizedistribution.com\/wp-content\/uploads\/2021\/11\/TENDANCE.png 500w, https:\/\/wizedistribution.com\/wp-content\/uploads\/2021\/11\/TENDANCE-300x300.png 300w, https:\/\/wizedistribution.com\/wp-content\/uploads\/2021\/11\/TENDANCE-150x150.png 150w\" sizes=\"(max-width: 500px) 100vw, 500px\" \/><\/figure>\n\n\n\n<h3 class=\"has-text-align-center\" id=\"tendance\"><strong>TENDANCE<\/strong><\/h3>\n\n\n\n<p class=\"has-text-align-left\">Nous proposons des produits du quotidien tout en captant les tendances de consommation.<\/p>\n\n\n\n<div class=\"wp-container-69faa3c4374e9 wp-block-buttons\"><\/div>\n\n\n\n<div style=\"height:30px\" aria-hidden=\"true\" class=\"wp-block-spacer\"><\/div>\n<\/div>\n\n\n\n<div class=\"wp-block-column\">\n<figure class=\"wp-block-image size-full animated zoomIn slow\"><img loading=\"lazy\" width=\"500\" height=\"500\" src=\"https:\/\/wizedistribution.com\/wp-content\/uploads\/2021\/11\/ETHIQUE.png\" alt=\"\" class=\"wp-image-2436\" srcset=\"https:\/\/wizedistribution.com\/wp-content\/uploads\/2021\/11\/ETHIQUE.png 500w, https:\/\/wizedistribution.com\/wp-content\/uploads\/2021\/11\/ETHIQUE-300x300.png 300w, https:\/\/wizedistribution.com\/wp-content\/uploads\/2021\/11\/ETHIQUE-150x150.png 150w\" sizes=\"(max-width: 500px) 100vw, 500px\" \/><\/figure>\n\n\n\n<h3 class=\"has-text-align-center\" id=\"ethique\"><strong>ETH<span class=\"has-inline-color has-neve-link-color-color\">I<\/span>QUE<\/strong><\/h3>\n\n\n\n<p class=\"has-text-align-left\">Notre contr\u00f4lons notre croissance de fa\u00e7on \u00e0 pr\u00e9server la qualit\u00e9 de notre service<\/p>\n\n\n\n<div class=\"wp-container-69faa3c43772e wp-block-buttons\"><\/div>\n\n\n\n<div style=\"height:30px\" aria-hidden=\"true\" class=\"wp-block-spacer\"><\/div>\n<\/div>\n\n\n\n<div class=\"wp-block-column\">\n<figure class=\"wp-block-image size-full animated zoomIn slow\"><img loading=\"lazy\" width=\"500\" height=\"500\" src=\"https:\/\/wizedistribution.com\/wp-content\/uploads\/2021\/11\/PROGRES.png\" alt=\"\" class=\"wp-image-2438\" srcset=\"https:\/\/wizedistribution.com\/wp-content\/uploads\/2021\/11\/PROGRES.png 500w, https:\/\/wizedistribution.com\/wp-content\/uploads\/2021\/11\/PROGRES-300x300.png 300w, https:\/\/wizedistribution.com\/wp-content\/uploads\/2021\/11\/PROGRES-150x150.png 150w\" sizes=\"(max-width: 500px) 100vw, 500px\" \/><\/figure>\n\n\n\n<h3 class=\"has-text-align-center\" id=\"progres\"><strong>PROGRES<\/strong><\/h3>\n\n\n\n<p class=\"has-text-align-left\">Notre partenariat doit se traduire par un progr\u00e8s de chiffre d&rsquo;affaire<\/p>\n\n\n\n<div class=\"wp-container-69faa3c437960 wp-block-buttons\"><\/div>\n\n\n\n<div style=\"height:30px\" aria-hidden=\"true\" class=\"wp-block-spacer\"><\/div>\n<\/div>\n\n\n\n<div class=\"wp-block-column\">\n<figure class=\"wp-block-image size-full animated zoomIn slow\"><img loading=\"lazy\" width=\"500\" height=\"500\" src=\"https:\/\/wizedistribution.com\/wp-content\/uploads\/2021\/11\/AGILITE-2.png\" alt=\"\" class=\"wp-image-2442\" srcset=\"https:\/\/wizedistribution.com\/wp-content\/uploads\/2021\/11\/AGILITE-2.png 500w, https:\/\/wizedistribution.com\/wp-content\/uploads\/2021\/11\/AGILITE-2-300x300.png 300w, https:\/\/wizedistribution.com\/wp-content\/uploads\/2021\/11\/AGILITE-2-150x150.png 150w\" sizes=\"(max-width: 500px) 100vw, 500px\" \/><\/figure>\n\n\n\n<h3 class=\"has-text-align-center\" id=\"agilite\">AG<strong>IL<span class=\"has-inline-color has-neve-link-color-color\">I<\/span>TE<\/strong><\/h3>\n\n\n\n<p class=\"has-text-align-left\">Nos experts merchandiseurs adaptent les produits en rayon pour r\u00e9pondre aux attentes des clients<\/p>\n\n\n\n<div class=\"wp-container-69faa3c437ba0 wp-block-buttons\"><\/div>\n\n\n\n<div style=\"height:30px\" aria-hidden=\"true\" class=\"wp-block-spacer\"><\/div>\n<\/div>\n\n\n\n<div class=\"wp-block-column\">\n<figure class=\"wp-block-image size-full animated zoomIn fast\"><img loading=\"lazy\" width=\"500\" height=\"500\" src=\"https:\/\/wizedistribution.com\/wp-content\/uploads\/2021\/11\/REACTIVITE.png\" alt=\"\" class=\"wp-image-2440\" srcset=\"https:\/\/wizedistribution.com\/wp-content\/uploads\/2021\/11\/REACTIVITE.png 500w, https:\/\/wizedistribution.com\/wp-content\/uploads\/2021\/11\/REACTIVITE-300x300.png 300w, https:\/\/wizedistribution.com\/wp-content\/uploads\/2021\/11\/REACTIVITE-150x150.png 150w\" sizes=\"(max-width: 500px) 100vw, 500px\" \/><\/figure>\n\n\n\n<h3 class=\"has-text-align-center\" id=\"reactivite\"><strong>REACT<span class=\"has-inline-color has-neve-link-color-color\">I<\/span>VITE<\/strong><\/h3>\n\n\n\n<p class=\"has-text-align-left\">Nous nous effor\u00e7ons de r\u00e9pondre rapidement aux besoins de nos clients<\/p>\n\n\n\n<div class=\"wp-container-69faa3c437ddb wp-block-buttons\"><\/div>\n\n\n\n<div style=\"height:30px\" aria-hidden=\"true\" class=\"wp-block-spacer\"><\/div>\n<\/div>\n<\/div>\n\n\n\n<div style=\"height:70px\" aria-hidden=\"true\" class=\"wp-block-spacer\"><\/div>\n\n\n\n<hr class=\"wp-block-separator aligncenter has-text-color has-background has-neve-link-color-background-color has-neve-link-color-color is-style-default\"\/>\n\n\n\n<div style=\"height:70px\" aria-hidden=\"true\" class=\"wp-block-spacer\"><\/div>\n\n\n\n<h1 class=\"has-text-align-center\" id=\"nos-services\">NOS SERV<span class=\"has-inline-color has-neve-link-color-color\">I<\/span>CES<\/h1>\n\n\n\n<div class=\"wp-block-columns\">\n<div class=\"wp-block-column\">\n<div class=\"wp-block-image coblocks-animate\" data-coblocks-animation=\"clipVertical\"><figure class=\"aligncenter size-full\"><a href=\"https:\/\/wizedistribution.com\/index.php\/merchandising\/\"><img loading=\"lazy\" width=\"500\" height=\"500\" src=\"https:\/\/wizedistribution.com\/wp-content\/uploads\/2021\/11\/MERCHANDISING-2-1.png\" alt=\"\" class=\"wp-image-2463\" srcset=\"https:\/\/wizedistribution.com\/wp-content\/uploads\/2021\/11\/MERCHANDISING-2-1.png 500w, https:\/\/wizedistribution.com\/wp-content\/uploads\/2021\/11\/MERCHANDISING-2-1-300x300.png 300w, https:\/\/wizedistribution.com\/wp-content\/uploads\/2021\/11\/MERCHANDISING-2-1-150x150.png 150w\" sizes=\"(max-width: 500px) 100vw, 500px\" \/><\/a><\/figure><\/div>\n\n\n\n<h3 class=\"has-text-align-center\" id=\"merchandising\">MERCHAND<span class=\"has-inline-color has-neve-link-color-color\">I<\/span>SING<\/h3>\n\n\n\n<hr class=\"wp-block-separator has-text-color has-background has-neve-button-color-background-color has-neve-button-color-color is-style-default\"\/>\n\n\n\n<p class=\"has-text-align-center\">Notre \u00e9quipe de merchandiseurs met en place vos rayons non alimentaire et effectue un suivi hebdomadaire pour animer vos rayons et augmenter vos ventes.<\/p>\n<\/div>\n\n\n\n<div class=\"wp-block-column\">\n<figure class=\"wp-block-image size-full coblocks-animate\" data-coblocks-animation=\"clipHorizontal\"><a href=\"https:\/\/wizedistribution.com\/index.php\/distribution\/\"><img loading=\"lazy\" width=\"500\" height=\"500\" src=\"https:\/\/wizedistribution.com\/wp-content\/uploads\/2021\/11\/DISTRIBUTEUR-DE-MARQUES.png\" alt=\"\" class=\"wp-image-2464\" srcset=\"https:\/\/wizedistribution.com\/wp-content\/uploads\/2021\/11\/DISTRIBUTEUR-DE-MARQUES.png 500w, https:\/\/wizedistribution.com\/wp-content\/uploads\/2021\/11\/DISTRIBUTEUR-DE-MARQUES-300x300.png 300w, https:\/\/wizedistribution.com\/wp-content\/uploads\/2021\/11\/DISTRIBUTEUR-DE-MARQUES-150x150.png 150w\" sizes=\"(max-width: 500px) 100vw, 500px\" \/><\/a><\/figure>\n\n\n\n<h3 class=\"has-text-align-center\" id=\"distributeur-de-marque\">DISTR<span class=\"has-inline-color has-neve-link-color-color\">I<\/span>BUTEUR DE MARQUE<\/h3>\n\n\n\n<hr class=\"wp-block-separator has-text-color has-background has-neve-button-color-background-color has-neve-button-color-color is-style-default\"\/>\n\n\n\n<p class=\"has-text-align-center\">Bien qu&rsquo;ayant nos marques en propre nous aimons travailler aussi avec des marques expertes que l&rsquo;on distribue chez nos clients.<\/p>\n<\/div>\n\n\n\n<div class=\"wp-block-column\">\n<figure class=\"wp-block-image size-full coblocks-animate\" data-coblocks-animation=\"clipHorizontal\"><a href=\"https:\/\/wizedistribution.com\/index.php\/logistique\/\"><img loading=\"lazy\" width=\"500\" height=\"500\" src=\"https:\/\/wizedistribution.com\/wp-content\/uploads\/2021\/11\/LOGISTIQUE.png\" alt=\"\" class=\"wp-image-2465\" srcset=\"https:\/\/wizedistribution.com\/wp-content\/uploads\/2021\/11\/LOGISTIQUE.png 500w, https:\/\/wizedistribution.com\/wp-content\/uploads\/2021\/11\/LOGISTIQUE-300x300.png 300w, https:\/\/wizedistribution.com\/wp-content\/uploads\/2021\/11\/LOGISTIQUE-150x150.png 150w\" sizes=\"(max-width: 500px) 100vw, 500px\" \/><\/a><\/figure>\n\n\n\n<h3 class=\"has-text-align-center\" id=\"logistique\">LOG<span class=\"has-inline-color has-neve-link-color-color\">I<\/span>STIQUE<\/h3>\n\n\n\n<hr class=\"wp-block-separator has-text-color has-background has-neve-button-color-background-color has-neve-button-color-color is-style-default\"\/>\n\n\n\n<p class=\"has-text-align-center\">Gr\u00e2ce \u00e0 un approvisionnement constant et \u00e0 une logistique internalis\u00e9e, nos clients ne souffrent d&rsquo;aucune rupture.<\/p>\n<\/div>\n\n\n\n<div class=\"wp-block-column\">\n<figure class=\"wp-block-image size-full coblocks-animate\" data-coblocks-animation=\"clipVertical\"><a href=\"https:\/\/wizedistribution.com\/index.php\/operation\/\"><img loading=\"lazy\" width=\"500\" height=\"500\" src=\"https:\/\/wizedistribution.com\/wp-content\/uploads\/2021\/11\/OPERATIONS.png\" alt=\"\" class=\"wp-image-2461\" srcset=\"https:\/\/wizedistribution.com\/wp-content\/uploads\/2021\/11\/OPERATIONS.png 500w, https:\/\/wizedistribution.com\/wp-content\/uploads\/2021\/11\/OPERATIONS-300x300.png 300w, https:\/\/wizedistribution.com\/wp-content\/uploads\/2021\/11\/OPERATIONS-150x150.png 150w\" sizes=\"(max-width: 500px) 100vw, 500px\" \/><\/a><\/figure>\n\n\n\n<h3 class=\"has-text-align-center\" id=\"operations\">OPERAT<span class=\"has-inline-color has-neve-link-color-color\">I<\/span>ONS<\/h3>\n\n\n\n<hr class=\"wp-block-separator has-text-color has-background has-neve-button-color-background-color has-neve-button-color-color is-style-default\"\/>\n\n\n\n<p class=\"has-text-align-center\">Afin de fid\u00e9liser la client\u00e8le des magasins, nous proposons des op\u00e9rations \u00e0 th\u00e8me sur une base mensuelle.<\/p>\n<\/div>\n<\/div>\n\n\n\n<div style=\"height:70px\" aria-hidden=\"true\" class=\"wp-block-spacer\"><\/div>\n\n\n\n<figure class=\"wp-block-pullquote alignfull has-text-align-center animated fadeInUp slow\"><blockquote><p><strong>\u00ab\u00a0W<span class=\"has-inline-color has-neve-link-color-color\">i<\/span>ze Distribution est le sp\u00e9cialiste des gammes non-alimentaire en GMS, Retail et E-commerce<\/strong> <strong>\ud83d\uded2\u00a0\u00bb<\/strong><\/p><cite>WIZE DISTRIBUTION<\/cite><\/blockquote><\/figure>\n","protected":false},"excerpt":{"rendered":"<p>POURQUOI CHOISIR WIZE DISTRIBUTION? EXPERTISE Nos experts merchandiseurs sont au service de nos clients pour un service d&rsquo;excellence TENDANCE Nous proposons des produits du quotidien tout en captant les tendances de consommation. ETHIQUE Notre contr\u00f4lons notre croissance de fa\u00e7on \u00e0 pr\u00e9server la qualit\u00e9 de notre service PROGRES Notre partenariat doit se traduire par un progr\u00e8s&hellip;&nbsp;<a href=\"https:\/\/wizedistribution.com\/\" class=\"\" rel=\"bookmark\">Lire la suite &raquo;<span class=\"screen-reader-text\"><\/span><\/a><\/p>\n","protected":false},"author":1,"featured_media":0,"parent":0,"menu_order":0,"comment_status":"closed","ping_status":"closed","template":"","meta":{"_editorskit_title_hidden":false,"_editorskit_reading_time":1,"_editorskit_typography_data":[],"_editorskit_blocks_typography":"","_editorskit_is_block_options_detached":false,"_editorskit_block_options_position":"{}","_coblocks_attr":"","_coblocks_dimensions":"","_coblocks_responsive_height":"","_coblocks_accordion_ie_support":"","neve_meta_sidebar":"","neve_meta_container":"","neve_meta_enable_content_width":"","neve_meta_content_width":0,"neve_meta_title_alignment":"","neve_meta_author_avatar":"","neve_post_elements_order":"","neve_meta_disable_header":"","neve_meta_disable_footer":"","neve_meta_disable_title":"","_ti_tpc_template_sync":false,"_ti_tpc_template_id":""},"_links":{"self":[{"href":"https:\/\/wizedistribution.com\/index.php\/wp-json\/wp\/v2\/pages\/2251"}],"collection":[{"href":"https:\/\/wizedistribution.com\/index.php\/wp-json\/wp\/v2\/pages"}],"about":[{"href":"https:\/\/wizedistribution.com\/index.php\/wp-json\/wp\/v2\/types\/page"}],"author":[{"embeddable":true,"href":"https:\/\/wizedistribution.com\/index.php\/wp-json\/wp\/v2\/users\/1"}],"replies":[{"embeddable":true,"href":"https:\/\/wizedistribution.com\/index.php\/wp-json\/wp\/v2\/comments?post=2251"}],"version-history":[{"count":39,"href":"https:\/\/wizedistribution.com\/index.php\/wp-json\/wp\/v2\/pages\/2251\/revisions"}],"predecessor-version":[{"id":3015,"href":"https:\/\/wizedistribution.com\/index.php\/wp-json\/wp\/v2\/pages\/2251\/revisions\/3015"}],"wp:attachment":[{"href":"https:\/\/wizedistribution.com\/index.php\/wp-json\/wp\/v2\/media?parent=2251"}],"curies":[{"name":"wp","href":"https:\/\/api.w.org\/{rel}","templated":true}]}}