{"id":2260,"date":"2021-11-15T13:24:41","date_gmt":"2021-11-15T12:24:41","guid":{"rendered":"https:\/\/wizedistribution.com\/?page_id=2260"},"modified":"2021-11-25T19:24:20","modified_gmt":"2021-11-25T18:24:20","slug":"electrique","status":"publish","type":"page","link":"https:\/\/wizedistribution.com\/index.php\/electrique\/","title":{"rendered":"ELECTRIQUE"},"content":{"rendered":"\n<div class=\"wp-block-cover alignfull is-light\" style=\"min-height:317px\"><span aria-hidden=\"true\" class=\"has-nv-text-dark-bg-background-color has-background-dim-30 wp-block-cover__gradient-background has-background-dim\"><\/span><video class=\"wp-block-cover__video-background intrinsic-ignore\" autoplay muted loop playsinline src=\"https:\/\/wizedistribution.com\/wp-content\/uploads\/2021\/11\/VIDEOS-BANNIERE-ELECTRIQUE-WIZE-DISTRIBUTION.mp4\" data-object-fit=\"cover\"><\/video><div class=\"wp-block-cover__inner-container\">\n<p class=\"has-text-align-center\" style=\"font-size:80px\"><mark style=\"background-color:rgba(0, 0, 0, 0)\" class=\"has-inline-color has-nv-site-bg-color\">ELECTR<span style=\"color:var(--nv-primary-accent)\" class=\"tadv-color\">I<\/span>QUE<\/mark><\/p>\n<\/div><\/div>\n\n\n\n<div style=\"height:70px\" aria-hidden=\"true\" class=\"wp-block-spacer\"><\/div>\n\n\n\n<div class=\"wp-block-columns alignwide\">\n<div class=\"wp-block-column is-vertically-aligned-center\">\n<figure class=\"wp-block-image size-full is-resized animated fadeInLeft slow\"><img loading=\"lazy\" src=\"https:\/\/wizedistribution.com\/wp-content\/uploads\/2021\/11\/DISTRIBUTION-PEM.png\" alt=\"\" class=\"wp-image-2695\" width=\"610\" height=\"610\" srcset=\"https:\/\/wizedistribution.com\/wp-content\/uploads\/2021\/11\/DISTRIBUTION-PEM.png 500w, https:\/\/wizedistribution.com\/wp-content\/uploads\/2021\/11\/DISTRIBUTION-PEM-300x300.png 300w, https:\/\/wizedistribution.com\/wp-content\/uploads\/2021\/11\/DISTRIBUTION-PEM-150x150.png 150w\" sizes=\"(max-width: 610px) 100vw, 610px\" \/><\/figure>\n<\/div>\n\n\n\n<div class=\"wp-block-column is-vertically-aligned-center\">\n<h2 id=\"nous-pouvons-repondre-a-toutes-les-demandes-produit-et-prix\">Nous pouvons r\u00e9pondre \u00e0 toutes les demandes produit et prix!<\/h2>\n\n\n\n<p>Que ce soit pour l&rsquo;entretien, la cuisine, la sant\u00e9, ou encore l&rsquo;\u00e9clairage, WIZE DISTRIBUTION propose des produits \u00e9lectriques pour toutes les pi\u00e8ces de la maison.<\/p>\n\n\n\n<p>En marque propre, avec WIZE LINE et Z&rsquo;ELEC, ou avec notre partenaire privil\u00e9gi\u00e9 TECHWOOD, nous offrons des produits performats, modernes \u00e0 des prix comp\u00e9titifs.<\/p>\n\n\n\n<p>WIZE LINE &#8211; Z&rsquo;ELEC &#8211; TECHWOOD<\/p>\n<\/div>\n<\/div>\n\n\n\n<div style=\"height:70px\" aria-hidden=\"true\" class=\"wp-block-spacer\"><\/div>\n\n\n\n<div class=\"wp-block-columns\">\n<div class=\"wp-block-column\">\n<figure class=\"wp-block-image size-full animated zoomIn slow\"><a href=\"https:\/\/wizedistribution.com\/index.php\/cuisine\/\"><img loading=\"lazy\" width=\"500\" height=\"500\" src=\"https:\/\/wizedistribution.com\/wp-content\/uploads\/2021\/11\/CUISINE-3.png\" alt=\"\" class=\"wp-image-3110\" srcset=\"https:\/\/wizedistribution.com\/wp-content\/uploads\/2021\/11\/CUISINE-3.png 500w, https:\/\/wizedistribution.com\/wp-content\/uploads\/2021\/11\/CUISINE-3-300x300.png 300w, https:\/\/wizedistribution.com\/wp-content\/uploads\/2021\/11\/CUISINE-3-150x150.png 150w\" sizes=\"(max-width: 500px) 100vw, 500px\" \/><\/a><\/figure>\n\n\n\n<h3 class=\"has-text-align-center\" id=\"cuisine\">CUIS<span style=\"color:var(--nv-primary-accent)\" class=\"tadv-color\">I<\/span>NE<\/h3>\n\n\n\n<hr class=\"wp-block-separator has-text-color has-background has-neve-button-color-background-color has-neve-button-color-color is-style-default\"\/>\n<\/div>\n\n\n\n<div class=\"wp-block-column\">\n<figure class=\"wp-block-image size-full animated zoomIn slow\"><a href=\"https:\/\/wizedistribution.com\/index.php\/entretien\/\"><img loading=\"lazy\" width=\"500\" height=\"500\" src=\"https:\/\/wizedistribution.com\/wp-content\/uploads\/2021\/11\/ASPIRATEUR-2.png\" alt=\"\" class=\"wp-image-3111\" srcset=\"https:\/\/wizedistribution.com\/wp-content\/uploads\/2021\/11\/ASPIRATEUR-2.png 500w, https:\/\/wizedistribution.com\/wp-content\/uploads\/2021\/11\/ASPIRATEUR-2-300x300.png 300w, https:\/\/wizedistribution.com\/wp-content\/uploads\/2021\/11\/ASPIRATEUR-2-150x150.png 150w\" sizes=\"(max-width: 500px) 100vw, 500px\" \/><\/a><\/figure>\n\n\n\n<h3 class=\"has-text-align-center\" id=\"entretien\">ENTRET<span style=\"color:var(--nv-primary-accent)\" class=\"tadv-color\">I<\/span>EN<\/h3>\n\n\n\n<hr class=\"wp-block-separator has-text-color has-background has-neve-button-color-background-color has-neve-button-color-color is-style-default\"\/>\n<\/div>\n\n\n\n<div class=\"wp-block-column\">\n<figure class=\"wp-block-image size-full animated zoomIn slow\"><a href=\"https:\/\/wizedistribution.com\/index.php\/bien-etre\/\"><img loading=\"lazy\" width=\"500\" height=\"500\" src=\"https:\/\/wizedistribution.com\/wp-content\/uploads\/2021\/11\/BIEN-ETRE.png\" alt=\"\" class=\"wp-image-3112\" srcset=\"https:\/\/wizedistribution.com\/wp-content\/uploads\/2021\/11\/BIEN-ETRE.png 500w, https:\/\/wizedistribution.com\/wp-content\/uploads\/2021\/11\/BIEN-ETRE-300x300.png 300w, https:\/\/wizedistribution.com\/wp-content\/uploads\/2021\/11\/BIEN-ETRE-150x150.png 150w\" sizes=\"(max-width: 500px) 100vw, 500px\" \/><\/a><\/figure>\n\n\n\n<h3 class=\"has-text-align-center\" id=\"bien-etre\">B<span style=\"color:var(--nv-primary-accent)\" class=\"tadv-color\">I<\/span>EN \u00caTRE<\/h3>\n\n\n\n<hr class=\"wp-block-separator has-text-color has-background has-neve-button-color-background-color has-neve-button-color-color is-style-default\"\/>\n<\/div>\n\n\n\n<div class=\"wp-block-column\">\n<figure class=\"wp-block-image size-full animated zoomIn slow\"><a href=\"https:\/\/wizedistribution.com\/index.php\/eclairage\/\"><img loading=\"lazy\" width=\"500\" height=\"500\" src=\"https:\/\/wizedistribution.com\/wp-content\/uploads\/2021\/11\/ECLAIRAGE.png\" alt=\"\" class=\"wp-image-3113\" srcset=\"https:\/\/wizedistribution.com\/wp-content\/uploads\/2021\/11\/ECLAIRAGE.png 500w, https:\/\/wizedistribution.com\/wp-content\/uploads\/2021\/11\/ECLAIRAGE-300x300.png 300w, https:\/\/wizedistribution.com\/wp-content\/uploads\/2021\/11\/ECLAIRAGE-150x150.png 150w\" sizes=\"(max-width: 500px) 100vw, 500px\" \/><\/a><\/figure>\n\n\n\n<h3 class=\"has-text-align-center\" id=\"eclairage\">ECLA<span style=\"color:var(--nv-primary-accent)\" class=\"tadv-color\">IR<\/span>AGE<\/h3>\n\n\n\n<hr class=\"wp-block-separator has-text-color has-background has-neve-button-color-background-color has-neve-button-color-color is-style-default\"\/>\n<\/div>\n<\/div>\n\n\n\n<div style=\"height:70px\" aria-hidden=\"true\" class=\"wp-block-spacer\"><\/div>\n\n\n\n<figure class=\"wp-block-pullquote alignfull animated fadeInUp slow\"><blockquote><p>\u00ab\u00a0Cette gamme est un vrai atout pour nos clients, \u00e0 travers les ventes additionnelles, l\u2019augmentation du panier moyen et le gain de marge qu\u2019elle g\u00e9n\u00e8re. \ud83e\udd11\u00a0\u00bb<\/p><cite>WIZE DISTRIBUTION<\/cite><\/blockquote><\/figure>\n\n\n\n<div style=\"height:70px\" aria-hidden=\"true\" class=\"wp-block-spacer\"><\/div>\n","protected":false},"excerpt":{"rendered":"<p>Nous pouvons r\u00e9pondre \u00e0 toutes les demandes produit et prix! Que ce soit pour l&rsquo;entretien, la cuisine, la sant\u00e9, ou encore l&rsquo;\u00e9clairage, WIZE DISTRIBUTION propose des produits \u00e9lectriques pour toutes les pi\u00e8ces de la maison. En marque propre, avec WIZE LINE et Z&rsquo;ELEC, ou avec notre partenaire privil\u00e9gi\u00e9 TECHWOOD, nous offrons des produits performats, modernes&hellip;&nbsp;<a href=\"https:\/\/wizedistribution.com\/index.php\/electrique\/\" class=\"\" rel=\"bookmark\">Lire la suite &raquo;<span class=\"screen-reader-text\">ELECTRIQUE<\/span><\/a><\/p>\n","protected":false},"author":1,"featured_media":0,"parent":0,"menu_order":0,"comment_status":"closed","ping_status":"closed","template":"","meta":{"_editorskit_title_hidden":false,"_editorskit_reading_time":1,"_editorskit_typography_data":[],"_editorskit_blocks_typography":"","_editorskit_is_block_options_detached":false,"_editorskit_block_options_position":"{}","_coblocks_attr":"","_coblocks_dimensions":"","_coblocks_responsive_height":"","_coblocks_accordion_ie_support":"","neve_meta_sidebar":"","neve_meta_container":"","neve_meta_enable_content_width":"","neve_meta_content_width":0,"neve_meta_title_alignment":"","neve_meta_author_avatar":"","neve_post_elements_order":"","neve_meta_disable_header":"","neve_meta_disable_footer":"","neve_meta_disable_title":"on","_ti_tpc_template_sync":false,"_ti_tpc_template_id":""},"_links":{"self":[{"href":"https:\/\/wizedistribution.com\/index.php\/wp-json\/wp\/v2\/pages\/2260"}],"collection":[{"href":"https:\/\/wizedistribution.com\/index.php\/wp-json\/wp\/v2\/pages"}],"about":[{"href":"https:\/\/wizedistribution.com\/index.php\/wp-json\/wp\/v2\/types\/page"}],"author":[{"embeddable":true,"href":"https:\/\/wizedistribution.com\/index.php\/wp-json\/wp\/v2\/users\/1"}],"replies":[{"embeddable":true,"href":"https:\/\/wizedistribution.com\/index.php\/wp-json\/wp\/v2\/comments?post=2260"}],"version-history":[{"count":4,"href":"https:\/\/wizedistribution.com\/index.php\/wp-json\/wp\/v2\/pages\/2260\/revisions"}],"predecessor-version":[{"id":3121,"href":"https:\/\/wizedistribution.com\/index.php\/wp-json\/wp\/v2\/pages\/2260\/revisions\/3121"}],"wp:attachment":[{"href":"https:\/\/wizedistribution.com\/index.php\/wp-json\/wp\/v2\/media?parent=2260"}],"curies":[{"name":"wp","href":"https:\/\/api.w.org\/{rel}","templated":true}]}}