{"id":2261,"date":"2021-11-15T13:24:41","date_gmt":"2021-11-15T12:24:41","guid":{"rendered":"https:\/\/wizedistribution.com\/?page_id=2261"},"modified":"2021-11-25T19:55:40","modified_gmt":"2021-11-25T18:55:40","slug":"bien-etre","status":"publish","type":"page","link":"https:\/\/wizedistribution.com\/index.php\/bien-etre\/","title":{"rendered":"BIEN-\u00caTRE"},"content":{"rendered":"\n<div><div>\n<div>\u00a0<\/div>\n<\/div><\/div>\n\n\n\n<div class=\"wp-block-cover alignfull is-light\" style=\"min-height:317px\"><span aria-hidden=\"true\" class=\"has-nv-text-dark-bg-background-color has-background-dim-30 wp-block-cover__gradient-background has-background-dim\"><\/span><video class=\"wp-block-cover__video-background intrinsic-ignore\" autoplay muted loop playsinline src=\"https:\/\/wizedistribution.com\/wp-content\/uploads\/2021\/11\/VIDEOS-BANNIERE-BIEN-ETRE-PRINCIPAL-DISTRIBUTION.mp4\" data-object-fit=\"cover\"><\/video><div class=\"wp-block-cover__inner-container\">\n<p class=\"has-text-align-center\" style=\"font-size:80px\"><mark style=\"background-color:rgba(0, 0, 0, 0)\" class=\"has-inline-color has-nv-site-bg-color\">B<span style=\"color:var(--nv-primary-accent)\" class=\"tadv-color\">I<\/span>EN-ETRE<\/mark><\/p>\n<\/div><\/div>\n\n\n\n<div style=\"height:70px\" aria-hidden=\"true\" class=\"wp-block-spacer\"><\/div>\n\n\n\n<div class=\"wp-block-columns\">\n<div class=\"wp-block-column is-vertically-aligned-center\">\n<div class=\"wp-block-image\"><figure class=\"alignleft size-full\"><img loading=\"lazy\" width=\"500\" height=\"500\" src=\"https:\/\/wizedistribution.com\/wp-content\/uploads\/2021\/11\/BIEN-ETRE-PRINCIPAL.png\" alt=\"\" class=\"wp-image-3124\" srcset=\"https:\/\/wizedistribution.com\/wp-content\/uploads\/2021\/11\/BIEN-ETRE-PRINCIPAL.png 500w, https:\/\/wizedistribution.com\/wp-content\/uploads\/2021\/11\/BIEN-ETRE-PRINCIPAL-300x300.png 300w, https:\/\/wizedistribution.com\/wp-content\/uploads\/2021\/11\/BIEN-ETRE-PRINCIPAL-150x150.png 150w\" sizes=\"(max-width: 500px) 100vw, 500px\" \/><\/figure><\/div>\n<\/div>\n\n\n\n<div class=\"wp-block-column is-vertically-aligned-center\">\n<h2 id=\"nous-pouvons-repondre-a-toutes-les-demandes-produit-et-prix\">Nous pouvons r\u00e9pondre \u00e0 toutes les demandes produit et prix!<\/h2>\n\n\n\n<p>Des Bougies pour une ambiance apais\u00e9e et calme \u00e0 la maison, des brosses \u00e0 cheveux pour toutes les natures, du fil dentaire et pierres ponces pour rester en forme ou encore des t\u00e9tines et biberons pour les tout petits, nous \u00e9quipons les magasins de divers \u00e9l\u00e9ments pour r\u00e9pondre aux besoins \u00ab\u00a0bien-\u00eatre\u00a0\u00bb de leurs clients.<\/p>\n\n\n\n<p>WIZE CARE &#8211; SPAAS &#8211; MERCUROCHROME &#8211; RICQLES &#8211; BEBE CONFORT<\/p>\n<\/div>\n<\/div>\n\n\n\n<div class=\"wp-block-columns\">\n<div class=\"wp-block-column\">\n<figure class=\"wp-block-image size-full animated zoomIn slow\"><a href=\"https:\/\/wizedistribution.com\/index.php\/bougie\/\"><img loading=\"lazy\" width=\"500\" height=\"500\" src=\"https:\/\/wizedistribution.com\/wp-content\/uploads\/2021\/11\/BOUGIES-PRINCIPAL.png\" alt=\"\" class=\"wp-image-3128\" srcset=\"https:\/\/wizedistribution.com\/wp-content\/uploads\/2021\/11\/BOUGIES-PRINCIPAL.png 500w, https:\/\/wizedistribution.com\/wp-content\/uploads\/2021\/11\/BOUGIES-PRINCIPAL-300x300.png 300w, https:\/\/wizedistribution.com\/wp-content\/uploads\/2021\/11\/BOUGIES-PRINCIPAL-150x150.png 150w\" sizes=\"(max-width: 500px) 100vw, 500px\" \/><\/a><\/figure>\n\n\n\n<h3 class=\"has-text-align-center\" id=\"bougies\">BOUG<span style=\"color:var(--nv-primary-accent)\" class=\"tadv-color\">I<\/span>ES<\/h3>\n\n\n\n<hr class=\"wp-block-separator has-text-color has-background has-neve-button-color-background-color has-neve-button-color-color is-style-default\"\/>\n<\/div>\n\n\n\n<div class=\"wp-block-column\">\n<figure class=\"wp-block-image size-full animated zoomIn slow\"><a href=\"https:\/\/wizedistribution.com\/index.php\/hygiene-sante-puericulture\/\"><img loading=\"lazy\" width=\"500\" height=\"500\" src=\"https:\/\/wizedistribution.com\/wp-content\/uploads\/2021\/11\/HYGIENE-SOIN-PRINCIPAL.png\" alt=\"\" class=\"wp-image-3129\" srcset=\"https:\/\/wizedistribution.com\/wp-content\/uploads\/2021\/11\/HYGIENE-SOIN-PRINCIPAL.png 500w, https:\/\/wizedistribution.com\/wp-content\/uploads\/2021\/11\/HYGIENE-SOIN-PRINCIPAL-300x300.png 300w, https:\/\/wizedistribution.com\/wp-content\/uploads\/2021\/11\/HYGIENE-SOIN-PRINCIPAL-150x150.png 150w\" sizes=\"(max-width: 500px) 100vw, 500px\" \/><\/a><\/figure>\n\n\n\n<h3 class=\"has-text-align-center\" id=\"hygiene-sante-puericulture\">HYG<span style=\"color:var(--nv-primary-accent)\" class=\"tadv-color\">I<\/span>ENE-SANTE-PUERICULTURE<\/h3>\n\n\n\n<hr class=\"wp-block-separator has-text-color has-background has-neve-button-color-background-color has-neve-button-color-color is-style-default\"\/>\n<\/div>\n\n\n\n<div class=\"wp-block-column\">\n<figure class=\"wp-block-image size-full animated zoomIn slow\"><a href=\"https:\/\/wizedistribution.com\/index.php\/beaute\/\"><img loading=\"lazy\" width=\"500\" height=\"500\" src=\"https:\/\/wizedistribution.com\/wp-content\/uploads\/2021\/11\/BEAUTE-PRINCIPAL.png\" alt=\"\" class=\"wp-image-3130\" srcset=\"https:\/\/wizedistribution.com\/wp-content\/uploads\/2021\/11\/BEAUTE-PRINCIPAL.png 500w, https:\/\/wizedistribution.com\/wp-content\/uploads\/2021\/11\/BEAUTE-PRINCIPAL-300x300.png 300w, https:\/\/wizedistribution.com\/wp-content\/uploads\/2021\/11\/BEAUTE-PRINCIPAL-150x150.png 150w\" sizes=\"(max-width: 500px) 100vw, 500px\" \/><\/a><\/figure>\n\n\n\n<h3 class=\"has-text-align-center\" id=\"beaute\">BEAUTE<\/h3>\n\n\n\n<hr class=\"wp-block-separator has-text-color has-background has-neve-button-color-background-color has-neve-button-color-color is-style-default\"\/>\n<\/div>\n<\/div>\n\n\n\n<div style=\"height:70px\" aria-hidden=\"true\" class=\"wp-block-spacer\"><\/div>\n\n\n\n<figure class=\"wp-block-pullquote alignfull\"><blockquote><p>\u00ab\u00a0Nos \u00e9quipes sont \u00e0 votre service pour dynamiser vos ventes et votre strat\u00e9gie commerciale \ud83d\udcc8.\u00a0\u00bb<\/p><cite>WIZE DISTRIBUTION<\/cite><\/blockquote><\/figure>\n\n\n\n<div style=\"height:70px\" aria-hidden=\"true\" class=\"wp-block-spacer\"><\/div>\n","protected":false},"excerpt":{"rendered":"<p>\u00a0 Nous pouvons r\u00e9pondre \u00e0 toutes les demandes produit et prix! Des Bougies pour une ambiance apais\u00e9e et calme \u00e0 la maison, des brosses \u00e0 cheveux pour toutes les natures, du fil dentaire et pierres ponces pour rester en forme ou encore des t\u00e9tines et biberons pour les tout petits, nous \u00e9quipons les magasins de&hellip;&nbsp;<a href=\"https:\/\/wizedistribution.com\/index.php\/bien-etre\/\" class=\"\" rel=\"bookmark\">Lire la suite &raquo;<span class=\"screen-reader-text\">BIEN-\u00caTRE<\/span><\/a><\/p>\n","protected":false},"author":1,"featured_media":0,"parent":0,"menu_order":0,"comment_status":"closed","ping_status":"closed","template":"","meta":{"_editorskit_title_hidden":false,"_editorskit_reading_time":1,"_editorskit_typography_data":[],"_editorskit_blocks_typography":"","_editorskit_is_block_options_detached":false,"_editorskit_block_options_position":"{}","_coblocks_attr":"","_coblocks_dimensions":"","_coblocks_responsive_height":"","_coblocks_accordion_ie_support":"","neve_meta_sidebar":"","neve_meta_container":"","neve_meta_enable_content_width":"","neve_meta_content_width":0,"neve_meta_title_alignment":"","neve_meta_author_avatar":"","neve_post_elements_order":"","neve_meta_disable_header":"","neve_meta_disable_footer":"","neve_meta_disable_title":"on","_ti_tpc_template_sync":false,"_ti_tpc_template_id":""},"_links":{"self":[{"href":"https:\/\/wizedistribution.com\/index.php\/wp-json\/wp\/v2\/pages\/2261"}],"collection":[{"href":"https:\/\/wizedistribution.com\/index.php\/wp-json\/wp\/v2\/pages"}],"about":[{"href":"https:\/\/wizedistribution.com\/index.php\/wp-json\/wp\/v2\/types\/page"}],"author":[{"embeddable":true,"href":"https:\/\/wizedistribution.com\/index.php\/wp-json\/wp\/v2\/users\/1"}],"replies":[{"embeddable":true,"href":"https:\/\/wizedistribution.com\/index.php\/wp-json\/wp\/v2\/comments?post=2261"}],"version-history":[{"count":6,"href":"https:\/\/wizedistribution.com\/index.php\/wp-json\/wp\/v2\/pages\/2261\/revisions"}],"predecessor-version":[{"id":3135,"href":"https:\/\/wizedistribution.com\/index.php\/wp-json\/wp\/v2\/pages\/2261\/revisions\/3135"}],"wp:attachment":[{"href":"https:\/\/wizedistribution.com\/index.php\/wp-json\/wp\/v2\/media?parent=2261"}],"curies":[{"name":"wp","href":"https:\/\/api.w.org\/{rel}","templated":true}]}}