{"id":2262,"date":"2021-11-15T13:24:41","date_gmt":"2021-11-15T12:24:41","guid":{"rendered":"https:\/\/wizedistribution.com\/?page_id=2262"},"modified":"2021-11-25T20:57:12","modified_gmt":"2021-11-25T19:57:12","slug":"animalerie","status":"publish","type":"page","link":"https:\/\/wizedistribution.com\/index.php\/animalerie\/","title":{"rendered":"ANIMALERIE"},"content":{"rendered":"\n<div class=\"wp-block-cover alignfull is-light\" style=\"min-height:317px\"><span aria-hidden=\"true\" class=\"has-nv-text-dark-bg-background-color has-background-dim-30 wp-block-cover__gradient-background has-background-dim\"><\/span><video class=\"wp-block-cover__video-background intrinsic-ignore\" autoplay muted loop playsinline src=\"https:\/\/wizedistribution.com\/wp-content\/uploads\/2021\/11\/VIDEOS-BANNIERE-ANIMALERIE-WIZE-DISTRIBUTION.mp4\" style=\"object-position:100% 78%\" data-object-fit=\"cover\" data-object-position=\"100% 78%\"><\/video><div class=\"wp-block-cover__inner-container\">\n<p class=\"has-text-align-center\" style=\"font-size:80px\"><mark style=\"background-color:rgba(0, 0, 0, 0)\" class=\"has-inline-color has-nv-site-bg-color\">AN<span style=\"color:var(--nv-primary-accent)\" class=\"tadv-color\">I<\/span>MALERIE<\/mark><\/p>\n<\/div><\/div>\n\n\n\n<div style=\"height:70px\" aria-hidden=\"true\" class=\"wp-block-spacer\"><\/div>\n\n\n\n<div class=\"wp-block-columns alignfull\">\n<div class=\"wp-block-column is-vertically-aligned-center\">\n<div class=\"wp-block-image animated fadeInLeft slow\"><figure class=\"alignright size-full\"><img loading=\"lazy\" width=\"500\" height=\"500\" src=\"https:\/\/wizedistribution.com\/wp-content\/uploads\/2021\/11\/ANIMALERIE-PRINCIPAL.png\" alt=\"\" class=\"wp-image-3165\" srcset=\"https:\/\/wizedistribution.com\/wp-content\/uploads\/2021\/11\/ANIMALERIE-PRINCIPAL.png 500w, https:\/\/wizedistribution.com\/wp-content\/uploads\/2021\/11\/ANIMALERIE-PRINCIPAL-300x300.png 300w, https:\/\/wizedistribution.com\/wp-content\/uploads\/2021\/11\/ANIMALERIE-PRINCIPAL-150x150.png 150w\" sizes=\"(max-width: 500px) 100vw, 500px\" \/><\/figure><\/div>\n<\/div>\n\n\n\n<div class=\"wp-block-column is-vertically-aligned-center\">\n<h2 id=\"nous-pouvons-repondre-a-toutes-les-demandes-produit-et-prix\">Nous pouvons r\u00e9pondre \u00e0 toutes les demandes produit et prix!<\/h2>\n\n\n\n<p>Avec notre marques partenaire VITAKRAFT nous proposons de l&rsquo;\u00e9quipement et des jeux animaliers ainsi que des produits alimentaires.<\/p>\n<\/div>\n<\/div>\n\n\n\n<div class=\"wp-block-columns alignwide are-vertically-aligned-center\">\n<div class=\"wp-block-column is-vertically-aligned-center\">\n<figure class=\"wp-block-image size-full animated zoomIn slow\"><a href=\"https:\/\/wizedistribution.com\/index.php\/equipements-jeux\/\"><img loading=\"lazy\" width=\"500\" height=\"500\" src=\"https:\/\/wizedistribution.com\/wp-content\/uploads\/2021\/11\/DISTRIBUTION-ANIMALERIE-1.png\" alt=\"\" class=\"wp-image-3167\" srcset=\"https:\/\/wizedistribution.com\/wp-content\/uploads\/2021\/11\/DISTRIBUTION-ANIMALERIE-1.png 500w, https:\/\/wizedistribution.com\/wp-content\/uploads\/2021\/11\/DISTRIBUTION-ANIMALERIE-1-300x300.png 300w, https:\/\/wizedistribution.com\/wp-content\/uploads\/2021\/11\/DISTRIBUTION-ANIMALERIE-1-150x150.png 150w\" sizes=\"(max-width: 500px) 100vw, 500px\" \/><\/a><\/figure>\n\n\n\n<h3 class=\"has-text-align-center\" id=\"equipements-jeux\">EQU<span style=\"color:var(--nv-primary-accent)\" class=\"tadv-color\">I<\/span>PEMENTS &amp; JEUX<\/h3>\n\n\n\n<hr class=\"wp-block-separator has-text-color has-background has-neve-button-color-background-color has-neve-button-color-color is-style-default\"\/>\n<\/div>\n\n\n\n<div class=\"wp-block-column is-vertically-aligned-center\">\n<figure class=\"wp-block-image size-full animated zoomIn slow\"><a href=\"https:\/\/wizedistribution.com\/index.php\/produits-alimentaires\/\"><img loading=\"lazy\" width=\"500\" height=\"500\" src=\"https:\/\/wizedistribution.com\/wp-content\/uploads\/2021\/11\/NOURITURE-POUR-ANIMAUX.png\" alt=\"\" class=\"wp-image-3168\" srcset=\"https:\/\/wizedistribution.com\/wp-content\/uploads\/2021\/11\/NOURITURE-POUR-ANIMAUX.png 500w, https:\/\/wizedistribution.com\/wp-content\/uploads\/2021\/11\/NOURITURE-POUR-ANIMAUX-300x300.png 300w, https:\/\/wizedistribution.com\/wp-content\/uploads\/2021\/11\/NOURITURE-POUR-ANIMAUX-150x150.png 150w\" sizes=\"(max-width: 500px) 100vw, 500px\" \/><\/a><\/figure>\n\n\n\n<h3 class=\"has-text-align-center\" id=\"produits-alimentaires\">PRODUITS AL<span style=\"color:var(--nv-primary-accent)\" class=\"tadv-color\">I<\/span>MENTAIRES<\/h3>\n\n\n\n<hr class=\"wp-block-separator has-text-color has-background has-neve-button-color-background-color has-neve-button-color-color is-style-default\"\/>\n<\/div>\n<\/div>\n\n\n\n<div style=\"height:70px\" aria-hidden=\"true\" class=\"wp-block-spacer\"><\/div>\n\n\n\n<figure class=\"wp-block-pullquote alignfull animated fadeInUp slow\"><blockquote><p>\u00ab\u00a0Wize Distribution, est une entreprise toujours en mouvement, qui cherche \u00e0 \u00e9voluer et innover \ud83d\ude80.\u00a0\u00bb<\/p><cite>WIZE DISTRIBUTION<\/cite><\/blockquote><\/figure>\n\n\n\n<div style=\"height:70px\" aria-hidden=\"true\" class=\"wp-block-spacer\"><\/div>\n","protected":false},"excerpt":{"rendered":"<p>Nous pouvons r\u00e9pondre \u00e0 toutes les demandes produit et prix! Avec notre marques partenaire VITAKRAFT nous proposons de l&rsquo;\u00e9quipement et des jeux animaliers ainsi que des produits alimentaires. EQUIPEMENTS &amp; JEUX PRODUITS ALIMENTAIRES \u00ab\u00a0Wize Distribution, est une entreprise toujours en mouvement, qui cherche \u00e0 \u00e9voluer et innover \ud83d\ude80.\u00a0\u00bb WIZE DISTRIBUTION<\/p>\n","protected":false},"author":1,"featured_media":0,"parent":0,"menu_order":0,"comment_status":"closed","ping_status":"closed","template":"","meta":{"_editorskit_title_hidden":false,"_editorskit_reading_time":1,"_editorskit_typography_data":[],"_editorskit_blocks_typography":"","_editorskit_is_block_options_detached":false,"_editorskit_block_options_position":"{}","_coblocks_attr":"","_coblocks_dimensions":"","_coblocks_responsive_height":"","_coblocks_accordion_ie_support":"","neve_meta_sidebar":"","neve_meta_container":"","neve_meta_enable_content_width":"","neve_meta_content_width":0,"neve_meta_title_alignment":"","neve_meta_author_avatar":"","neve_post_elements_order":"","neve_meta_disable_header":"","neve_meta_disable_footer":"","neve_meta_disable_title":"on","_ti_tpc_template_sync":false,"_ti_tpc_template_id":""},"_links":{"self":[{"href":"https:\/\/wizedistribution.com\/index.php\/wp-json\/wp\/v2\/pages\/2262"}],"collection":[{"href":"https:\/\/wizedistribution.com\/index.php\/wp-json\/wp\/v2\/pages"}],"about":[{"href":"https:\/\/wizedistribution.com\/index.php\/wp-json\/wp\/v2\/types\/page"}],"author":[{"embeddable":true,"href":"https:\/\/wizedistribution.com\/index.php\/wp-json\/wp\/v2\/users\/1"}],"replies":[{"embeddable":true,"href":"https:\/\/wizedistribution.com\/index.php\/wp-json\/wp\/v2\/comments?post=2262"}],"version-history":[{"count":6,"href":"https:\/\/wizedistribution.com\/index.php\/wp-json\/wp\/v2\/pages\/2262\/revisions"}],"predecessor-version":[{"id":3175,"href":"https:\/\/wizedistribution.com\/index.php\/wp-json\/wp\/v2\/pages\/2262\/revisions\/3175"}],"wp:attachment":[{"href":"https:\/\/wizedistribution.com\/index.php\/wp-json\/wp\/v2\/media?parent=2262"}],"curies":[{"name":"wp","href":"https:\/\/api.w.org\/{rel}","templated":true}]}}