{"id":2263,"date":"2021-11-15T13:24:41","date_gmt":"2021-11-15T12:24:41","guid":{"rendered":"https:\/\/wizedistribution.com\/?page_id=2263"},"modified":"2021-11-25T23:50:15","modified_gmt":"2021-11-25T22:50:15","slug":"loisir","status":"publish","type":"page","link":"https:\/\/wizedistribution.com\/index.php\/loisir\/","title":{"rendered":"LOISIR"},"content":{"rendered":"\n<div class=\"wp-block-cover alignfull is-light\" style=\"min-height:317px\"><span aria-hidden=\"true\" class=\"has-nv-text-dark-bg-background-color has-background-dim-30 wp-block-cover__gradient-background has-background-dim\"><\/span><video class=\"wp-block-cover__video-background intrinsic-ignore\" autoplay muted loop playsinline src=\"https:\/\/wizedistribution.com\/wp-content\/uploads\/2021\/11\/VIDEOS-BANNIERE-LOISIR-WIZE-DISTRIBUTION.mp4\" style=\"object-position:100% 89%\" data-object-fit=\"cover\" data-object-position=\"100% 89%\"><\/video><div class=\"wp-block-cover__inner-container\">\n<p class=\"has-text-align-center\" style=\"font-size:80px\"><mark style=\"background-color:rgba(0, 0, 0, 0)\" class=\"has-inline-color has-nv-site-bg-color\">LO<span style=\"color:var(--nv-primary-accent)\" class=\"tadv-color\">I<\/span>SIR<\/mark><\/p>\n<\/div><\/div>\n\n\n\n<div style=\"height:70px\" aria-hidden=\"true\" class=\"wp-block-spacer\"><\/div>\n\n\n\n<div class=\"wp-block-columns alignwide\">\n<div class=\"wp-block-column is-vertically-aligned-center\">\n<figure class=\"wp-block-image size-full is-resized animated fadeInLeft slow\"><img loading=\"lazy\" src=\"https:\/\/wizedistribution.com\/wp-content\/uploads\/2021\/11\/LOISIR.png\" alt=\"\" class=\"wp-image-3196\" width=\"615\" height=\"615\" srcset=\"https:\/\/wizedistribution.com\/wp-content\/uploads\/2021\/11\/LOISIR.png 500w, https:\/\/wizedistribution.com\/wp-content\/uploads\/2021\/11\/LOISIR-300x300.png 300w, https:\/\/wizedistribution.com\/wp-content\/uploads\/2021\/11\/LOISIR-150x150.png 150w\" sizes=\"(max-width: 615px) 100vw, 615px\" \/><\/figure>\n<\/div>\n\n\n\n<div class=\"wp-block-column is-vertically-aligned-center\">\n<h2 id=\"nous-vous-accompagnons-dans-la-selection-la-mise-en-rayon-et-le-suivi-d-implantation-de-nouvelles-gammes-non-alimentaire\">Nous vous accompagnons\u00a0dans la s\u00e9lection, la mise en rayon et le suivi, d\u2019implantation de nouvelles gammes non-alimentaire.\u00a0<\/h2>\n\n\n\n<p>Rentr\u00e9e scolaire, jouets pour les enfants, accessoires pour anniversaires ou encore papeterie pour les grands il y en a pour tous les go\u00fbts gr\u00e2ce nos marques partenaires.<\/p>\n\n\n\n<p>KIM PLAY &#8211; UHU &#8211; BIC &#8211; CLAIREFONTAINE &#8211; MAPED<\/p>\n<\/div>\n<\/div>\n\n\n\n<div class=\"wp-block-columns\">\n<div class=\"wp-block-column\">\n<figure class=\"wp-block-image size-full animated zoomIn slow\"><a href=\"https:\/\/wizedistribution.com\/index.php\/papeterie\/\"><img loading=\"lazy\" width=\"500\" height=\"500\" src=\"https:\/\/wizedistribution.com\/wp-content\/uploads\/2021\/11\/DISTRIBUTION-PAPETTERIE-1.png\" alt=\"\" class=\"wp-image-3197\" srcset=\"https:\/\/wizedistribution.com\/wp-content\/uploads\/2021\/11\/DISTRIBUTION-PAPETTERIE-1.png 500w, https:\/\/wizedistribution.com\/wp-content\/uploads\/2021\/11\/DISTRIBUTION-PAPETTERIE-1-300x300.png 300w, https:\/\/wizedistribution.com\/wp-content\/uploads\/2021\/11\/DISTRIBUTION-PAPETTERIE-1-150x150.png 150w\" sizes=\"(max-width: 500px) 100vw, 500px\" \/><\/a><\/figure>\n\n\n\n<h3 class=\"has-text-align-center\" id=\"papeterie\">PAPETER<span style=\"color:var(--nv-primary-accent)\" class=\"tadv-color\">I<\/span>E<\/h3>\n\n\n\n<hr class=\"wp-block-separator has-text-color has-background has-neve-button-color-background-color has-neve-button-color-color is-style-default\"\/>\n<\/div>\n\n\n\n<div class=\"wp-block-column\">\n<figure class=\"wp-block-image size-full animated zoomIn slow\"><a href=\"https:\/\/wizedistribution.com\/index.php\/enfance\/\"><img loading=\"lazy\" width=\"500\" height=\"500\" src=\"https:\/\/wizedistribution.com\/wp-content\/uploads\/2021\/11\/DISTRIBUTION-JOUETS-1.png\" alt=\"\" class=\"wp-image-3198\" srcset=\"https:\/\/wizedistribution.com\/wp-content\/uploads\/2021\/11\/DISTRIBUTION-JOUETS-1.png 500w, https:\/\/wizedistribution.com\/wp-content\/uploads\/2021\/11\/DISTRIBUTION-JOUETS-1-300x300.png 300w, https:\/\/wizedistribution.com\/wp-content\/uploads\/2021\/11\/DISTRIBUTION-JOUETS-1-150x150.png 150w\" sizes=\"(max-width: 500px) 100vw, 500px\" \/><\/a><\/figure>\n\n\n\n<h3 class=\"has-text-align-center\" id=\"enfance\">ENFANCE<\/h3>\n\n\n\n<hr class=\"wp-block-separator has-text-color has-background has-neve-button-color-background-color has-neve-button-color-color is-style-default\"\/>\n<\/div>\n<\/div>\n\n\n\n<div style=\"height:70px\" aria-hidden=\"true\" class=\"wp-block-spacer\"><\/div>\n\n\n\n<figure class=\"wp-block-pullquote alignfull animated fadeInUp slow\"><blockquote><p>\u00ab\u00a0Nos \u00e9quipes sont \u00e0 votre service pour dynamiser vos ventes et votre strat\u00e9gie commerciale \ud83d\udcc8.\u00a0\u00bb<\/p><cite>WIZE DISTRIBUTION<\/cite><\/blockquote><\/figure>\n\n\n\n<div style=\"height:70px\" aria-hidden=\"true\" class=\"wp-block-spacer\"><\/div>\n","protected":false},"excerpt":{"rendered":"<p>Nous vous accompagnons\u00a0dans la s\u00e9lection, la mise en rayon et le suivi, d\u2019implantation de nouvelles gammes non-alimentaire.\u00a0 Rentr\u00e9e scolaire, jouets pour les enfants, accessoires pour anniversaires ou encore papeterie pour les grands il y en a pour tous les go\u00fbts gr\u00e2ce nos marques partenaires. KIM PLAY &#8211; UHU &#8211; BIC &#8211; CLAIREFONTAINE &#8211; MAPED PAPETERIE&hellip;&nbsp;<a href=\"https:\/\/wizedistribution.com\/index.php\/loisir\/\" class=\"\" rel=\"bookmark\">Lire la suite &raquo;<span class=\"screen-reader-text\">LOISIR<\/span><\/a><\/p>\n","protected":false},"author":1,"featured_media":0,"parent":0,"menu_order":0,"comment_status":"closed","ping_status":"closed","template":"","meta":{"_editorskit_title_hidden":false,"_editorskit_reading_time":1,"_editorskit_typography_data":[],"_editorskit_blocks_typography":"","_editorskit_is_block_options_detached":false,"_editorskit_block_options_position":"{}","_coblocks_attr":"","_coblocks_dimensions":"","_coblocks_responsive_height":"","_coblocks_accordion_ie_support":"","neve_meta_sidebar":"","neve_meta_container":"","neve_meta_enable_content_width":"","neve_meta_content_width":0,"neve_meta_title_alignment":"","neve_meta_author_avatar":"","neve_post_elements_order":"","neve_meta_disable_header":"","neve_meta_disable_footer":"","neve_meta_disable_title":"on","_ti_tpc_template_sync":false,"_ti_tpc_template_id":""},"_links":{"self":[{"href":"https:\/\/wizedistribution.com\/index.php\/wp-json\/wp\/v2\/pages\/2263"}],"collection":[{"href":"https:\/\/wizedistribution.com\/index.php\/wp-json\/wp\/v2\/pages"}],"about":[{"href":"https:\/\/wizedistribution.com\/index.php\/wp-json\/wp\/v2\/types\/page"}],"author":[{"embeddable":true,"href":"https:\/\/wizedistribution.com\/index.php\/wp-json\/wp\/v2\/users\/1"}],"replies":[{"embeddable":true,"href":"https:\/\/wizedistribution.com\/index.php\/wp-json\/wp\/v2\/comments?post=2263"}],"version-history":[{"count":5,"href":"https:\/\/wizedistribution.com\/index.php\/wp-json\/wp\/v2\/pages\/2263\/revisions"}],"predecessor-version":[{"id":3205,"href":"https:\/\/wizedistribution.com\/index.php\/wp-json\/wp\/v2\/pages\/2263\/revisions\/3205"}],"wp:attachment":[{"href":"https:\/\/wizedistribution.com\/index.php\/wp-json\/wp\/v2\/media?parent=2263"}],"curies":[{"name":"wp","href":"https:\/\/api.w.org\/{rel}","templated":true}]}}