{"id":2266,"date":"2021-11-15T13:24:41","date_gmt":"2021-11-15T12:24:41","guid":{"rendered":"https:\/\/wizedistribution.com\/?page_id=2266"},"modified":"2021-11-25T17:57:57","modified_gmt":"2021-11-25T16:57:57","slug":"eclairage","status":"publish","type":"page","link":"https:\/\/wizedistribution.com\/index.php\/eclairage\/","title":{"rendered":"ECLAIRAGE"},"content":{"rendered":"\n<div class=\"wp-block-cover alignfull is-light\" style=\"min-height:317px\"><span aria-hidden=\"true\" class=\"has-nv-text-dark-bg-background-color has-background-dim-30 wp-block-cover__gradient-background has-background-dim\"><\/span><video class=\"wp-block-cover__video-background intrinsic-ignore\" autoplay muted loop playsinline src=\"https:\/\/wizedistribution.com\/wp-content\/uploads\/2021\/11\/VIDEOS-BANNIERE-ECLAIRAGE-WIZE-DISTRIBUTION-1.mp4\" style=\"object-position:0% 51%\" data-object-fit=\"cover\" data-object-position=\"0% 51%\"><\/video><div class=\"wp-block-cover__inner-container\">\n<p class=\"has-text-align-center\" style=\"font-size:80px\"><mark style=\"background-color:rgba(0, 0, 0, 0)\" class=\"has-inline-color has-nv-site-bg-color\">ECLA<span style=\"color:var(--nv-primary-accent)\" class=\"tadv-color\">I<\/span>RAGE<\/mark><\/p>\n<\/div><\/div>\n\n\n\n<div style=\"height:70px\" aria-hidden=\"true\" class=\"wp-block-spacer\"><\/div>\n\n\n\n<div class=\"wp-block-columns alignwide are-vertically-aligned-center is-style-default\">\n<div class=\"wp-block-column is-vertically-aligned-center\">\n<div class=\"wp-block-cover aligncenter is-light is-style-editorskit-rounded animated fadeInLeft slow\"><span aria-hidden=\"true\" class=\"has-nv-site-bg-background-color has-background-dim-40 wp-block-cover__gradient-background has-background-dim\"><\/span><img loading=\"lazy\" width=\"500\" height=\"500\" class=\"wp-block-cover__image-background wp-image-3097\" alt=\"\" src=\"https:\/\/wizedistribution.com\/wp-content\/uploads\/2021\/11\/AMPOULE.png\" data-object-fit=\"cover\" srcset=\"https:\/\/wizedistribution.com\/wp-content\/uploads\/2021\/11\/AMPOULE.png 500w, https:\/\/wizedistribution.com\/wp-content\/uploads\/2021\/11\/AMPOULE-300x300.png 300w, https:\/\/wizedistribution.com\/wp-content\/uploads\/2021\/11\/AMPOULE-150x150.png 150w\" sizes=\"(max-width: 500px) 100vw, 500px\" \/><div class=\"wp-block-cover__inner-container\">\n<p class=\"has-text-align-center has-huge-font-size has-huge-font-size has-ek-indent has-custom-lineheight has-custom-letterspacing\" style=\"text-transform:uppercase;--ek-indent:20px;line-height:1;letter-spacing:1px\"><span style=\"color:var(--nv-text-dark-bg)\" class=\"tadv-color\">AMPOULE<\/span><\/p>\n<\/div><\/div>\n<\/div>\n\n\n\n<div class=\"wp-block-column is-vertically-aligned-center\">\n<div class=\"wp-block-cover aligncenter is-light is-style-editorskit-rounded is-cropping animated fadeInRight slow\"><span aria-hidden=\"true\" class=\"has-nv-site-bg-background-color has-background-dim-40 wp-block-cover__gradient-background has-background-dim\"><\/span><img loading=\"lazy\" width=\"500\" height=\"500\" class=\"wp-block-cover__image-background wp-image-3098\" alt=\"\" src=\"https:\/\/wizedistribution.com\/wp-content\/uploads\/2021\/11\/PRISE-ELECTRIQUES.png\" data-object-fit=\"cover\" srcset=\"https:\/\/wizedistribution.com\/wp-content\/uploads\/2021\/11\/PRISE-ELECTRIQUES.png 500w, https:\/\/wizedistribution.com\/wp-content\/uploads\/2021\/11\/PRISE-ELECTRIQUES-300x300.png 300w, https:\/\/wizedistribution.com\/wp-content\/uploads\/2021\/11\/PRISE-ELECTRIQUES-150x150.png 150w\" sizes=\"(max-width: 500px) 100vw, 500px\" \/><div class=\"wp-block-cover__inner-container\">\n<p class=\"has-text-align-center has-huge-font-size has-huge-font-size has-ek-indent has-custom-lineheight has-custom-letterspacing\" style=\"text-transform:uppercase;--ek-indent:20px;line-height:1;letter-spacing:1px\"><span style=\"color:var(--nv-text-dark-bg)\" class=\"tadv-color\">PRISES &amp; RALLONGE<\/span><\/p>\n\n\n\n<p class=\"has-text-align-center has-huge-font-size has-huge-font-size has-ek-indent has-custom-lineheight has-custom-letterspacing\" style=\"text-transform:uppercase;--ek-indent:20px;line-height:1;letter-spacing:1px\"><span style=\"color:var(--nv-text-dark-bg)\" class=\"tadv-color\">ELECTRIQUES<\/span><\/p>\n<\/div><\/div>\n<\/div>\n<\/div>\n\n\n\n<div style=\"height:70px\" aria-hidden=\"true\" class=\"wp-block-spacer\"><\/div>\n\n\n\n<figure class=\"wp-block-pullquote alignfull\"><blockquote><p>\u00ab\u00a0Nos \u00e9quipes sont \u00e0 votre service pour dynamiser vos ventes et votre strat\u00e9gie commerciale \ud83d\udcc8.\u00a0\u00bb<\/p><cite>WIZE DISTRIBUTION<\/cite><\/blockquote><\/figure>\n\n\n\n<div style=\"height:70px\" aria-hidden=\"true\" class=\"wp-block-spacer\"><\/div>\n","protected":false},"excerpt":{"rendered":"<p>\u00ab\u00a0Nos \u00e9quipes sont \u00e0 votre service pour dynamiser vos ventes et votre strat\u00e9gie commerciale \ud83d\udcc8.\u00a0\u00bb WIZE DISTRIBUTION<\/p>\n","protected":false},"author":1,"featured_media":0,"parent":0,"menu_order":0,"comment_status":"closed","ping_status":"closed","template":"","meta":{"_editorskit_title_hidden":false,"_editorskit_reading_time":1,"_editorskit_typography_data":[],"_editorskit_blocks_typography":"","_editorskit_is_block_options_detached":false,"_editorskit_block_options_position":"{}","_coblocks_attr":"","_coblocks_dimensions":"","_coblocks_responsive_height":"","_coblocks_accordion_ie_support":"","neve_meta_sidebar":"","neve_meta_container":"","neve_meta_enable_content_width":"","neve_meta_content_width":0,"neve_meta_title_alignment":"","neve_meta_author_avatar":"","neve_post_elements_order":"","neve_meta_disable_header":"","neve_meta_disable_footer":"","neve_meta_disable_title":"on","_ti_tpc_template_sync":false,"_ti_tpc_template_id":""},"_links":{"self":[{"href":"https:\/\/wizedistribution.com\/index.php\/wp-json\/wp\/v2\/pages\/2266"}],"collection":[{"href":"https:\/\/wizedistribution.com\/index.php\/wp-json\/wp\/v2\/pages"}],"about":[{"href":"https:\/\/wizedistribution.com\/index.php\/wp-json\/wp\/v2\/types\/page"}],"author":[{"embeddable":true,"href":"https:\/\/wizedistribution.com\/index.php\/wp-json\/wp\/v2\/users\/1"}],"replies":[{"embeddable":true,"href":"https:\/\/wizedistribution.com\/index.php\/wp-json\/wp\/v2\/comments?post=2266"}],"version-history":[{"count":4,"href":"https:\/\/wizedistribution.com\/index.php\/wp-json\/wp\/v2\/pages\/2266\/revisions"}],"predecessor-version":[{"id":3103,"href":"https:\/\/wizedistribution.com\/index.php\/wp-json\/wp\/v2\/pages\/2266\/revisions\/3103"}],"wp:attachment":[{"href":"https:\/\/wizedistribution.com\/index.php\/wp-json\/wp\/v2\/media?parent=2266"}],"curies":[{"name":"wp","href":"https:\/\/api.w.org\/{rel}","templated":true}]}}