{"id":2275,"date":"2021-11-15T13:24:42","date_gmt":"2021-11-15T12:24:42","guid":{"rendered":"https:\/\/wizedistribution.com\/?page_id=2275"},"modified":"2021-11-24T03:29:54","modified_gmt":"2021-11-24T02:29:54","slug":"wize-distribution","status":"publish","type":"page","link":"https:\/\/wizedistribution.com\/index.php\/wize-distribution\/","title":{"rendered":"WIZE DISTRIBUTION"},"content":{"rendered":"\n<div class=\"wp-block-cover alignfull is-light\" style=\"min-height:317px\"><span aria-hidden=\"true\" class=\"has-nv-text-dark-bg-background-color has-background-dim-30 wp-block-cover__gradient-background has-background-dim\"><\/span><img loading=\"lazy\" width=\"559\" height=\"282\" class=\"wp-block-cover__image-background wp-image-2937\" alt=\"\" src=\"https:\/\/wizedistribution.com\/wp-content\/uploads\/2021\/11\/WIZE-DISTRIBUTION.jpg\" data-object-fit=\"cover\" srcset=\"https:\/\/wizedistribution.com\/wp-content\/uploads\/2021\/11\/WIZE-DISTRIBUTION.jpg 559w, https:\/\/wizedistribution.com\/wp-content\/uploads\/2021\/11\/WIZE-DISTRIBUTION-300x151.jpg 300w\" sizes=\"(max-width: 559px) 100vw, 559px\" \/><div class=\"wp-block-cover__inner-container\">\n<p class=\"has-text-align-center\" style=\"font-size:80px\"><mark style=\"background-color:rgba(0, 0, 0, 0)\" class=\"has-inline-color has-nv-site-bg-color\">W<span style=\"color:var(--nv-primary-accent)\" class=\"tadv-color\">I<\/span>ZE DISTR<\/mark><mark style=\"background-color:rgba(0, 0, 0, 0)\" class=\"has-inline-color has-neve-link-color-color\"><span style=\"color:var(--nv-site-bg)\" class=\"tadv-color\">I<\/span><\/mark><mark style=\"background-color:rgba(0, 0, 0, 0)\" class=\"has-inline-color has-nv-site-bg-color\">BUTION<\/mark><\/p>\n<\/div><\/div>\n\n\n\n<div style=\"height:70px\" aria-hidden=\"true\" class=\"wp-block-spacer\"><\/div>\n\n\n\n<div class=\"wp-block-columns\">\n<div class=\"wp-block-column\">\n<figure class=\"wp-block-image size-full coblocks-animate\" data-coblocks-animation=\"clipVertical\"><a href=\"https:\/\/wizedistribution.com\/index.php\/notre-histoire\/\"><img loading=\"lazy\" width=\"500\" height=\"500\" src=\"https:\/\/wizedistribution.com\/wp-content\/uploads\/2021\/11\/NOTRE-HISTOIRE.png\" alt=\"\" class=\"wp-image-2852\" srcset=\"https:\/\/wizedistribution.com\/wp-content\/uploads\/2021\/11\/NOTRE-HISTOIRE.png 500w, https:\/\/wizedistribution.com\/wp-content\/uploads\/2021\/11\/NOTRE-HISTOIRE-300x300.png 300w, https:\/\/wizedistribution.com\/wp-content\/uploads\/2021\/11\/NOTRE-HISTOIRE-150x150.png 150w\" sizes=\"(max-width: 500px) 100vw, 500px\" \/><\/a><\/figure>\n\n\n\n<h4 class=\"has-text-align-center\" id=\"notre-histoire\">NOTRE HISTOIRE<\/h4>\n\n\n\n<hr class=\"wp-block-separator has-text-color has-background has-neve-button-color-background-color has-neve-button-color-color is-style-default\"\/>\n<\/div>\n\n\n\n<div class=\"wp-block-column\">\n<figure class=\"wp-block-image size-full coblocks-animate\" data-coblocks-animation=\"clipHorizontal\"><a href=\"https:\/\/wizedistribution.com\/index.php\/nos-valeurs\/\"><img loading=\"lazy\" width=\"500\" height=\"500\" src=\"https:\/\/wizedistribution.com\/wp-content\/uploads\/2021\/11\/NOS-VALEURS.png\" alt=\"\" class=\"wp-image-2862\" srcset=\"https:\/\/wizedistribution.com\/wp-content\/uploads\/2021\/11\/NOS-VALEURS.png 500w, https:\/\/wizedistribution.com\/wp-content\/uploads\/2021\/11\/NOS-VALEURS-300x300.png 300w, https:\/\/wizedistribution.com\/wp-content\/uploads\/2021\/11\/NOS-VALEURS-150x150.png 150w\" sizes=\"(max-width: 500px) 100vw, 500px\" \/><\/a><\/figure>\n\n\n\n<h3 class=\"has-text-align-center\" id=\"nos-valeurs\">NOS VALEURS<\/h3>\n\n\n\n<hr class=\"wp-block-separator has-text-color has-background has-neve-button-color-background-color has-neve-button-color-color is-style-default\"\/>\n<\/div>\n\n\n\n<div class=\"wp-block-column\">\n<figure class=\"wp-block-image size-full coblocks-animate\" data-coblocks-animation=\"clipHorizontal\"><a href=\"https:\/\/wizedistribution.com\/index.php\/recrutement\/\"><img loading=\"lazy\" width=\"500\" height=\"500\" src=\"https:\/\/wizedistribution.com\/wp-content\/uploads\/2021\/11\/RECRUTEMENT.png\" alt=\"\" class=\"wp-image-2939\" srcset=\"https:\/\/wizedistribution.com\/wp-content\/uploads\/2021\/11\/RECRUTEMENT.png 500w, https:\/\/wizedistribution.com\/wp-content\/uploads\/2021\/11\/RECRUTEMENT-300x300.png 300w, https:\/\/wizedistribution.com\/wp-content\/uploads\/2021\/11\/RECRUTEMENT-150x150.png 150w\" sizes=\"(max-width: 500px) 100vw, 500px\" \/><\/a><\/figure>\n\n\n\n<h3 class=\"has-text-align-center\" id=\"recrutement\">RECRUTEMENT<\/h3>\n\n\n\n<hr class=\"wp-block-separator has-text-color has-background has-neve-button-color-background-color has-neve-button-color-color is-style-default\"\/>\n<\/div>\n\n\n\n<div class=\"wp-block-column\">\n<figure class=\"wp-block-image size-full coblocks-animate\" data-coblocks-animation=\"clipVertical\"><a href=\"https:\/\/wizedistribution.com\/index.php\/contact-2\/\"><img loading=\"lazy\" width=\"500\" height=\"500\" src=\"https:\/\/wizedistribution.com\/wp-content\/uploads\/2021\/11\/CONTACT.png\" alt=\"\" class=\"wp-image-2941\" srcset=\"https:\/\/wizedistribution.com\/wp-content\/uploads\/2021\/11\/CONTACT.png 500w, https:\/\/wizedistribution.com\/wp-content\/uploads\/2021\/11\/CONTACT-300x300.png 300w, https:\/\/wizedistribution.com\/wp-content\/uploads\/2021\/11\/CONTACT-150x150.png 150w\" sizes=\"(max-width: 500px) 100vw, 500px\" \/><\/a><\/figure>\n\n\n\n<h3 class=\"has-text-align-center\" id=\"contact\">CONTACT<\/h3>\n\n\n\n<hr class=\"wp-block-separator has-text-color has-background has-neve-button-color-background-color has-neve-button-color-color is-style-default\"\/>\n<\/div>\n<\/div>\n\n\n\n<div style=\"height:100px\" aria-hidden=\"true\" class=\"wp-block-spacer\"><\/div>\n\n\n\n<figure class=\"wp-block-pullquote alignfull\"><blockquote><p>\u00ab\u00a0Gr\u00e2ce \u00e0 un choix de produits en ad\u00e9quation avec les attentes et besoins du client, nous garantissons un volume de ventes additionnelles et une dynamisation commerciale \ud83c\udfaf\ud83d\ude80.\u00a0\u00bb<\/p><cite>WIZE DISTRIBUTION<\/cite><\/blockquote><\/figure>\n\n\n\n<div style=\"height:70px\" aria-hidden=\"true\" class=\"wp-block-spacer\"><\/div>\n","protected":false},"excerpt":{"rendered":"<p>NOTRE HISTOIRE NOS VALEURS RECRUTEMENT CONTACT \u00ab\u00a0Gr\u00e2ce \u00e0 un choix de produits en ad\u00e9quation avec les attentes et besoins du client, nous garantissons un volume de ventes additionnelles et une dynamisation commerciale \ud83c\udfaf\ud83d\ude80.\u00a0\u00bb WIZE DISTRIBUTION<\/p>\n","protected":false},"author":1,"featured_media":0,"parent":0,"menu_order":0,"comment_status":"closed","ping_status":"closed","template":"","meta":{"_editorskit_title_hidden":false,"_editorskit_reading_time":1,"_editorskit_typography_data":[],"_editorskit_blocks_typography":"","_editorskit_is_block_options_detached":false,"_editorskit_block_options_position":"{}","_coblocks_attr":"","_coblocks_dimensions":"","_coblocks_responsive_height":"","_coblocks_accordion_ie_support":"","neve_meta_sidebar":"","neve_meta_container":"","neve_meta_enable_content_width":"","neve_meta_content_width":0,"neve_meta_title_alignment":"","neve_meta_author_avatar":"","neve_post_elements_order":"","neve_meta_disable_header":"","neve_meta_disable_footer":"","neve_meta_disable_title":"","_ti_tpc_template_sync":false,"_ti_tpc_template_id":""},"_links":{"self":[{"href":"https:\/\/wizedistribution.com\/index.php\/wp-json\/wp\/v2\/pages\/2275"}],"collection":[{"href":"https:\/\/wizedistribution.com\/index.php\/wp-json\/wp\/v2\/pages"}],"about":[{"href":"https:\/\/wizedistribution.com\/index.php\/wp-json\/wp\/v2\/types\/page"}],"author":[{"embeddable":true,"href":"https:\/\/wizedistribution.com\/index.php\/wp-json\/wp\/v2\/users\/1"}],"replies":[{"embeddable":true,"href":"https:\/\/wizedistribution.com\/index.php\/wp-json\/wp\/v2\/comments?post=2275"}],"version-history":[{"count":6,"href":"https:\/\/wizedistribution.com\/index.php\/wp-json\/wp\/v2\/pages\/2275\/revisions"}],"predecessor-version":[{"id":2946,"href":"https:\/\/wizedistribution.com\/index.php\/wp-json\/wp\/v2\/pages\/2275\/revisions\/2946"}],"wp:attachment":[{"href":"https:\/\/wizedistribution.com\/index.php\/wp-json\/wp\/v2\/media?parent=2275"}],"curies":[{"name":"wp","href":"https:\/\/api.w.org\/{rel}","templated":true}]}}