{"id":2276,"date":"2021-11-15T13:24:42","date_gmt":"2021-11-15T12:24:42","guid":{"rendered":"https:\/\/wizedistribution.com\/?page_id=2276"},"modified":"2021-11-26T00:41:52","modified_gmt":"2021-11-25T23:41:52","slug":"notre-histoire","status":"publish","type":"page","link":"https:\/\/wizedistribution.com\/index.php\/notre-histoire\/","title":{"rendered":"NOTRE HISTOIRE"},"content":{"rendered":"\n<div><div><div>\n<div>&nbsp;<\/div>\n<\/div><\/div><\/div>\n\n\n\n<div class=\"wp-block-cover alignfull is-light\" style=\"min-height:317px\"><span aria-hidden=\"true\" class=\"has-nv-text-dark-bg-background-color has-background-dim-30 wp-block-cover__gradient-background has-background-dim\"><\/span><video class=\"wp-block-cover__video-background intrinsic-ignore\" autoplay muted loop playsinline src=\"https:\/\/wizedistribution.com\/wp-content\/uploads\/2021\/11\/VIDEOS-BANNIERE-NOTRE-HISTOIRE-WIZE-DISTRIBUTION.mp4\" data-object-fit=\"cover\"><\/video><div class=\"wp-block-cover__inner-container\">\n<p class=\"has-text-align-center\" style=\"font-size:80px\"><mark style=\"background-color:rgba(0, 0, 0, 0)\" class=\"has-inline-color has-nv-site-bg-color\">NOTRE H<span style=\"color:var(--nv-primary-accent)\" class=\"tadv-color\">I<\/span>STOIRE<\/mark><\/p>\n\n\n\n<div><div>\u00a0<\/div><\/div>\n<\/div><\/div>\n\n\n\n<div style=\"height:100px\" aria-hidden=\"true\" class=\"wp-block-spacer\"><\/div>\n\n\n\n<div style=\"height:100px\" aria-hidden=\"true\" class=\"wp-block-spacer\"><\/div>\n\n\n\n<div class=\"wp-block-columns alignwide are-vertically-aligned-center\">\n<div class=\"wp-block-column is-vertically-aligned-center\">\n<figure class=\"wp-block-image size-full is-resized animated fadeInLeft slow\"><img loading=\"lazy\" src=\"https:\/\/wizedistribution.com\/wp-content\/uploads\/2021\/11\/NOTRE-HISTOIRE.png\" alt=\"\" class=\"wp-image-2852\" width=\"614\" height=\"614\" srcset=\"https:\/\/wizedistribution.com\/wp-content\/uploads\/2021\/11\/NOTRE-HISTOIRE.png 500w, https:\/\/wizedistribution.com\/wp-content\/uploads\/2021\/11\/NOTRE-HISTOIRE-300x300.png 300w, https:\/\/wizedistribution.com\/wp-content\/uploads\/2021\/11\/NOTRE-HISTOIRE-150x150.png 150w\" sizes=\"(max-width: 614px) 100vw, 614px\" \/><\/figure>\n<\/div>\n\n\n\n<div class=\"wp-block-column is-vertically-aligned-center\">\n<h2 id=\"qui-sommes-nous\">QUI SOMMES NOUS ?<\/h2>\n\n\n\n<p>Avant la mise en rayon, nous avons d\u00e9marr\u00e9 avec la conception. En effet, c&rsquo;est en 2007, en Asie que commence l&rsquo;aventure avec l&rsquo;ouverture d&rsquo;un bureau.<\/p>\n\n\n\n<p>Puis, Wize Distribution a \u00e9volu\u00e9 vers une expertise dans la commercialisation et le merchandising de produits non alimentaire, en petite et moyenne surface.<\/p>\n\n\n\n<p>Aujourd&rsquo;hui avec notre \u00e9quipe de merchandiseurs, nous \u00e9tendons notre r\u00e9seau de clients depuis 2015.<br>Essentiellement actifs en Ile de France, notre qualit\u00e9 de service reconnue nous permet d\u00e9sormais de d\u00e9velopper notre offre en province.<\/p>\n\n\n\n<p>Notre objectif ?   Permettre \u00e0 nos clients de fid\u00e9liser leurs clients gr\u00e2ce \u00e0 un large panel de gammes non alimentaire et une offre de produits du quotidien disponibles chaque jour!<\/p>\n<\/div>\n<\/div>\n\n\n\n<div style=\"height:100px\" aria-hidden=\"true\" class=\"wp-block-spacer\"><\/div>\n\n\n\n<figure class=\"wp-block-pullquote alignfull animated fadeInUp slow\"><blockquote><p>\u00ab\u00a0Wize Distribution, est une entreprise \u00e0 taille humaine, o\u00f9 nos clients sont avant tout des partenaires privil\u00e9gi\u00e9s \ud83e\udd1d\u00a0\u00bb&nbsp;<\/p><cite>WIZE DISTRIBUTION<\/cite><\/blockquote><\/figure>\n\n\n\n<div><div>\u00a0<\/div><\/div>\n","protected":false},"excerpt":{"rendered":"<p>&nbsp; QUI SOMMES NOUS ? Avant la mise en rayon, nous avons d\u00e9marr\u00e9 avec la conception. En effet, c&rsquo;est en 2007, en Asie que commence l&rsquo;aventure avec l&rsquo;ouverture d&rsquo;un bureau. Puis, Wize Distribution a \u00e9volu\u00e9 vers une expertise dans la commercialisation et le merchandising de produits non alimentaire, en petite et moyenne surface. Aujourd&rsquo;hui avec&hellip;&nbsp;<a href=\"https:\/\/wizedistribution.com\/index.php\/notre-histoire\/\" class=\"\" rel=\"bookmark\">Lire la suite &raquo;<span class=\"screen-reader-text\">NOTRE HISTOIRE<\/span><\/a><\/p>\n","protected":false},"author":1,"featured_media":0,"parent":0,"menu_order":0,"comment_status":"closed","ping_status":"closed","template":"","meta":{"_editorskit_title_hidden":false,"_editorskit_reading_time":1,"_editorskit_typography_data":[],"_editorskit_blocks_typography":"","_editorskit_is_block_options_detached":false,"_editorskit_block_options_position":"{}","_coblocks_attr":"","_coblocks_dimensions":"","_coblocks_responsive_height":"","_coblocks_accordion_ie_support":"","neve_meta_sidebar":"","neve_meta_container":"","neve_meta_enable_content_width":"","neve_meta_content_width":0,"neve_meta_title_alignment":"","neve_meta_author_avatar":"","neve_post_elements_order":"","neve_meta_disable_header":"","neve_meta_disable_footer":"","neve_meta_disable_title":"","_ti_tpc_template_sync":false,"_ti_tpc_template_id":""},"_links":{"self":[{"href":"https:\/\/wizedistribution.com\/index.php\/wp-json\/wp\/v2\/pages\/2276"}],"collection":[{"href":"https:\/\/wizedistribution.com\/index.php\/wp-json\/wp\/v2\/pages"}],"about":[{"href":"https:\/\/wizedistribution.com\/index.php\/wp-json\/wp\/v2\/types\/page"}],"author":[{"embeddable":true,"href":"https:\/\/wizedistribution.com\/index.php\/wp-json\/wp\/v2\/users\/1"}],"replies":[{"embeddable":true,"href":"https:\/\/wizedistribution.com\/index.php\/wp-json\/wp\/v2\/comments?post=2276"}],"version-history":[{"count":10,"href":"https:\/\/wizedistribution.com\/index.php\/wp-json\/wp\/v2\/pages\/2276\/revisions"}],"predecessor-version":[{"id":3239,"href":"https:\/\/wizedistribution.com\/index.php\/wp-json\/wp\/v2\/pages\/2276\/revisions\/3239"}],"wp:attachment":[{"href":"https:\/\/wizedistribution.com\/index.php\/wp-json\/wp\/v2\/media?parent=2276"}],"curies":[{"name":"wp","href":"https:\/\/api.w.org\/{rel}","templated":true}]}}