{"id":2277,"date":"2021-11-15T13:24:42","date_gmt":"2021-11-15T12:24:42","guid":{"rendered":"https:\/\/wizedistribution.com\/?page_id=2277"},"modified":"2021-11-26T00:46:04","modified_gmt":"2021-11-25T23:46:04","slug":"nos-valeurs","status":"publish","type":"page","link":"https:\/\/wizedistribution.com\/index.php\/nos-valeurs\/","title":{"rendered":"NOS VALEURS"},"content":{"rendered":"\n<div class=\"wp-block-cover alignfull is-light\" style=\"min-height:317px\"><span aria-hidden=\"true\" class=\"has-nv-text-dark-bg-background-color has-background-dim-30 wp-block-cover__gradient-background has-background-dim\"><\/span><video class=\"wp-block-cover__video-background intrinsic-ignore\" autoplay muted loop playsinline src=\"https:\/\/wizedistribution.com\/wp-content\/uploads\/2021\/11\/VIDEOS-BANNIERE-NOS-VALEURS-WIZE-DISTRIBUTION.mp4\" data-object-fit=\"cover\"><\/video><div class=\"wp-block-cover__inner-container\">\n<p class=\"has-text-align-center\" style=\"font-size:80px\"><mark style=\"background-color:rgba(0, 0, 0, 0)\" class=\"has-inline-color has-nv-site-bg-color\">NOS VALEURS<\/mark><\/p>\n<\/div><\/div>\n\n\n\n<div style=\"height:70px\" aria-hidden=\"true\" class=\"wp-block-spacer\"><\/div>\n\n\n\n<div class=\"wp-block-columns alignfull\">\n<div class=\"wp-block-column is-vertically-aligned-center\">\n<div class=\"wp-block-image animated fadeInLeft slow\"><figure class=\"aligncenter size-full\"><img loading=\"lazy\" width=\"500\" height=\"500\" src=\"https:\/\/wizedistribution.com\/wp-content\/uploads\/2021\/11\/NOS-VALEURS.png\" alt=\"\" class=\"wp-image-2862\" srcset=\"https:\/\/wizedistribution.com\/wp-content\/uploads\/2021\/11\/NOS-VALEURS.png 500w, https:\/\/wizedistribution.com\/wp-content\/uploads\/2021\/11\/NOS-VALEURS-300x300.png 300w, https:\/\/wizedistribution.com\/wp-content\/uploads\/2021\/11\/NOS-VALEURS-150x150.png 150w\" sizes=\"(max-width: 500px) 100vw, 500px\" \/><\/figure><\/div>\n\n\n\n<div><div><\/div><\/div>\n<\/div>\n\n\n\n<div class=\"wp-block-column is-vertically-aligned-center\">\n<h2 class=\"has-text-align-left\" id=\"nos-engagements\">NOS ENGAGEMENTS<\/h2>\n\n\n\n<p class=\"has-text-align-left\">Nous avons la chance de compter des centaines de nouveaux clients chaque ann\u00e9e. Mais nous faisons tr\u00e8s attention \u00e0 notre croissance que nous voulons raisonn\u00e9e. Et c&rsquo;est pourquoi nos clients nous font confiance et que nous b\u00e9n\u00e9ficions d&rsquo;une image positive. Parce que nos valeurs ne sont pas que des mots. Bien plus, ce sont de vrais engagements.<\/p>\n\n\n\n<p class=\"has-text-align-left\"><span style=\"color:var(--nv-primary-accent)\" class=\"tadv-color\">Fiabilit\u00e9<\/span><br>Nos clients doivent permettre \u00e0 leurs clients de retrouver les produits dont ils ont fr\u00e9quemment besoin et de leur proposer de la nouveaut\u00e9. C&rsquo;est pourquoi chez WIZE DISTRIBUTION nous nous assurons de la disponibilit\u00e9 de nos produits en magasin gr\u00e2ce \u00e0 des r\u00e9assorts fr\u00e9quents d&rsquo;une part, et que nous cultivons d&rsquo;autre part, la recherche de produits innovants.<\/p>\n\n\n\n<p class=\"has-text-align-left\"><span style=\"color:var(--nv-primary-accent)\" class=\"tadv-color\">Adaptabilit\u00e9<\/span><br>Le non alimentaire est une source de chiffre d&rsquo;affaire non n\u00e9gligeable pour les supermarch\u00e9s. Il est donc imp\u00e9ratif que nos merchandiseurs aient une bonne connaissance de leurs clients afin de identifier quels produits permettront de capter un maximum de ventes en r\u00e9pondant \u00e0 la client\u00e8le du supermarch\u00e9 en question.<\/p>\n\n\n\n<p class=\"has-text-align-left\"><span style=\"color:var(--nv-primary-accent)\" class=\"tadv-color\">Qualit\u00e9<\/span><br>Bien que les supermarch\u00e9s ne soient pas des sp\u00e9cialistes du non alimentaire, nous nous assurons de ne leur fournir que des produits sains et s\u00e9curitaires pour les utilisateurs finaux.<br>Conscients des limites de gammes aux produits attractifs, nous sommes toutefois conscients des attentes qualit\u00e9 des clients et cherchons \u00e0 fournir des produits qui remplissent leurs fonctions \u00e0 l&rsquo;utilisation et dans le temps.<\/p>\n<\/div>\n<\/div>\n\n\n\n<div style=\"height:100px\" aria-hidden=\"true\" class=\"wp-block-spacer\"><\/div>\n\n\n\n<figure class=\"wp-block-pullquote alignfull animated fadeInUp slow\"><blockquote><p>\u00ab\u00a0Nous travaillons ensemble pour les m\u00eames objectifs: d\u00e9velopper l\u2019offre non-alimentaire pour g\u00e9n\u00e9rer des ventes additionnelles \ud83d\udcb0 et de la dynamique commerciale \ud83d\udcc8\u00a0\u00bb<\/p><cite>WIZE DISTRIBUTION<\/cite><\/blockquote><\/figure>\n\n\n\n<div style=\"height:100px\" aria-hidden=\"true\" class=\"wp-block-spacer\"><\/div>\n","protected":false},"excerpt":{"rendered":"<p>NOS ENGAGEMENTS Nous avons la chance de compter des centaines de nouveaux clients chaque ann\u00e9e. Mais nous faisons tr\u00e8s attention \u00e0 notre croissance que nous voulons raisonn\u00e9e. Et c&rsquo;est pourquoi nos clients nous font confiance et que nous b\u00e9n\u00e9ficions d&rsquo;une image positive. Parce que nos valeurs ne sont pas que des mots. Bien plus, ce&hellip;&nbsp;<a href=\"https:\/\/wizedistribution.com\/index.php\/nos-valeurs\/\" class=\"\" rel=\"bookmark\">Lire la suite &raquo;<span class=\"screen-reader-text\">NOS VALEURS<\/span><\/a><\/p>\n","protected":false},"author":1,"featured_media":0,"parent":0,"menu_order":0,"comment_status":"closed","ping_status":"closed","template":"","meta":{"_editorskit_title_hidden":false,"_editorskit_reading_time":1,"_editorskit_typography_data":[],"_editorskit_blocks_typography":"","_editorskit_is_block_options_detached":false,"_editorskit_block_options_position":"{}","_coblocks_attr":"","_coblocks_dimensions":"","_coblocks_responsive_height":"","_coblocks_accordion_ie_support":"","neve_meta_sidebar":"","neve_meta_container":"","neve_meta_enable_content_width":"","neve_meta_content_width":0,"neve_meta_title_alignment":"","neve_meta_author_avatar":"","neve_post_elements_order":"","neve_meta_disable_header":"","neve_meta_disable_footer":"","neve_meta_disable_title":"","_ti_tpc_template_sync":false,"_ti_tpc_template_id":""},"_links":{"self":[{"href":"https:\/\/wizedistribution.com\/index.php\/wp-json\/wp\/v2\/pages\/2277"}],"collection":[{"href":"https:\/\/wizedistribution.com\/index.php\/wp-json\/wp\/v2\/pages"}],"about":[{"href":"https:\/\/wizedistribution.com\/index.php\/wp-json\/wp\/v2\/types\/page"}],"author":[{"embeddable":true,"href":"https:\/\/wizedistribution.com\/index.php\/wp-json\/wp\/v2\/users\/1"}],"replies":[{"embeddable":true,"href":"https:\/\/wizedistribution.com\/index.php\/wp-json\/wp\/v2\/comments?post=2277"}],"version-history":[{"count":15,"href":"https:\/\/wizedistribution.com\/index.php\/wp-json\/wp\/v2\/pages\/2277\/revisions"}],"predecessor-version":[{"id":3241,"href":"https:\/\/wizedistribution.com\/index.php\/wp-json\/wp\/v2\/pages\/2277\/revisions\/3241"}],"wp:attachment":[{"href":"https:\/\/wizedistribution.com\/index.php\/wp-json\/wp\/v2\/media?parent=2277"}],"curies":[{"name":"wp","href":"https:\/\/api.w.org\/{rel}","templated":true}]}}