{"id":2378,"date":"2021-11-15T16:36:46","date_gmt":"2021-11-15T15:36:46","guid":{"rendered":"https:\/\/wizedistribution.com\/?page_id=2378"},"modified":"2021-11-25T15:42:08","modified_gmt":"2021-11-25T14:42:08","slug":"nos-services","status":"publish","type":"page","link":"https:\/\/wizedistribution.com\/index.php\/nos-services\/","title":{"rendered":"NOS SERVICES"},"content":{"rendered":"\n<div style=\"height:70px\" aria-hidden=\"true\" class=\"wp-block-spacer\"><\/div>\n\n\n\n<div class=\"wp-block-cover alignfull is-light\" style=\"min-height:368px\"><span aria-hidden=\"true\" class=\"has-nv-c-2-background-color has-background-dim-40 wp-block-cover__gradient-background has-background-dim\"><\/span><video class=\"wp-block-cover__video-background intrinsic-ignore\" autoplay muted loop playsinline src=\"https:\/\/wizedistribution.com\/wp-content\/uploads\/2021\/11\/WIZE-DISTRIBUTION-HOMEPAGE-1.mp4\" data-object-fit=\"cover\"><\/video><div class=\"wp-block-cover__inner-container\">\n<p class=\"has-text-align-center\" style=\"font-size:80px\"><strong><span class=\"has-inline-color has-nv-site-bg-color\">NOS SERV<\/span><span class=\"has-inline-color has-neve-link-color-color\">I<\/span><span class=\"has-inline-color has-nv-site-bg-color\">CES<\/span><\/strong><\/p>\n<\/div><\/div>\n\n\n\n<div style=\"height:70px\" aria-hidden=\"true\" class=\"wp-block-spacer\"><\/div>\n\n\n\n<div class=\"wp-block-columns\">\n<div class=\"wp-block-column\">\n<figure class=\"wp-block-image size-full coblocks-animate\" data-coblocks-animation=\"clipVertical\"><a href=\"https:\/\/wizedistribution.com\/index.php\/merchandising\/\"><img loading=\"lazy\" width=\"500\" height=\"500\" src=\"https:\/\/wizedistribution.com\/wp-content\/uploads\/2021\/11\/MERCHANDISING-2-1.png\" alt=\"\" class=\"wp-image-2463\" srcset=\"https:\/\/wizedistribution.com\/wp-content\/uploads\/2021\/11\/MERCHANDISING-2-1.png 500w, https:\/\/wizedistribution.com\/wp-content\/uploads\/2021\/11\/MERCHANDISING-2-1-300x300.png 300w, https:\/\/wizedistribution.com\/wp-content\/uploads\/2021\/11\/MERCHANDISING-2-1-150x150.png 150w\" sizes=\"(max-width: 500px) 100vw, 500px\" \/><\/a><\/figure>\n\n\n\n<h3 class=\"has-text-align-center\" id=\"merchandising\">MERCHAND<span class=\"has-inline-color has-neve-link-color-color\">I<\/span>SING<\/h3>\n\n\n\n<hr class=\"wp-block-separator has-text-color has-background has-neve-button-color-background-color has-neve-button-color-color is-style-default\"\/>\n\n\n\n<p>Notre \u00e9quipe de merchandiseurs met en place vos rayons non alimentaire et effectue un suivi hebdomadaire pour animer vos rayons et augmenter vos ventes.<\/p>\n<\/div>\n\n\n\n<div class=\"wp-block-column\">\n<figure class=\"wp-block-image size-full coblocks-animate\" data-coblocks-animation=\"clipHorizontal\"><a href=\"https:\/\/wizedistribution.com\/index.php\/distribution\/\"><img loading=\"lazy\" width=\"500\" height=\"500\" src=\"https:\/\/wizedistribution.com\/wp-content\/uploads\/2021\/11\/DISTRIBUTEUR-DE-MARQUES.png\" alt=\"\" class=\"wp-image-2464\" srcset=\"https:\/\/wizedistribution.com\/wp-content\/uploads\/2021\/11\/DISTRIBUTEUR-DE-MARQUES.png 500w, https:\/\/wizedistribution.com\/wp-content\/uploads\/2021\/11\/DISTRIBUTEUR-DE-MARQUES-300x300.png 300w, https:\/\/wizedistribution.com\/wp-content\/uploads\/2021\/11\/DISTRIBUTEUR-DE-MARQUES-150x150.png 150w\" sizes=\"(max-width: 500px) 100vw, 500px\" \/><\/a><\/figure>\n\n\n\n<h3 class=\"has-text-align-center\" id=\"distribution\">DISTR<span class=\"has-inline-color has-neve-link-color-color\">I<\/span>BUTION<\/h3>\n\n\n\n<hr class=\"wp-block-separator has-text-color has-background has-neve-button-color-background-color has-neve-button-color-color is-style-default\"\/>\n\n\n\n<p class=\"has-text-align-left\">Bien qu\u2019ayant nos marques en propre nous aimons travailler aussi avec des marques expertes que l\u2019on distribue chez nos clients.<\/p>\n<\/div>\n\n\n\n<div class=\"wp-block-column\">\n<figure class=\"wp-block-image size-full coblocks-animate\" data-coblocks-animation=\"clipHorizontal\"><a href=\"https:\/\/wizedistribution.com\/index.php\/logistique\/\"><img loading=\"lazy\" width=\"500\" height=\"500\" src=\"https:\/\/wizedistribution.com\/wp-content\/uploads\/2021\/11\/LOGISTIQUE.png\" alt=\"\" class=\"wp-image-2465\" srcset=\"https:\/\/wizedistribution.com\/wp-content\/uploads\/2021\/11\/LOGISTIQUE.png 500w, https:\/\/wizedistribution.com\/wp-content\/uploads\/2021\/11\/LOGISTIQUE-300x300.png 300w, https:\/\/wizedistribution.com\/wp-content\/uploads\/2021\/11\/LOGISTIQUE-150x150.png 150w\" sizes=\"(max-width: 500px) 100vw, 500px\" \/><\/a><\/figure>\n\n\n\n<h3 class=\"has-text-align-center\" id=\"logistique\">LOG<span class=\"has-inline-color has-neve-link-color-color\">I<\/span>STIQUE<\/h3>\n\n\n\n<hr class=\"wp-block-separator has-text-color has-background has-neve-button-color-background-color has-neve-button-color-color is-style-default\"\/>\n\n\n\n<p class=\"has-text-align-left\">Gr\u00e2ce \u00e0 un approvisionnement constant et \u00e0 une logistique internalis\u00e9e, nos clients ne souffrent d\u2019aucune rupture.<\/p>\n<\/div>\n\n\n\n<div class=\"wp-block-column\">\n<figure class=\"wp-block-image size-full coblocks-animate\" data-coblocks-animation=\"clipVertical\"><a href=\"https:\/\/wizedistribution.com\/index.php\/operation\/\"><img loading=\"lazy\" width=\"500\" height=\"500\" src=\"https:\/\/wizedistribution.com\/wp-content\/uploads\/2021\/11\/OPERATIONS.png\" alt=\"\" class=\"wp-image-2461\" srcset=\"https:\/\/wizedistribution.com\/wp-content\/uploads\/2021\/11\/OPERATIONS.png 500w, https:\/\/wizedistribution.com\/wp-content\/uploads\/2021\/11\/OPERATIONS-300x300.png 300w, https:\/\/wizedistribution.com\/wp-content\/uploads\/2021\/11\/OPERATIONS-150x150.png 150w\" sizes=\"(max-width: 500px) 100vw, 500px\" \/><\/a><\/figure>\n\n\n\n<h3 class=\"has-text-align-center\" id=\"operations\">OPERAT<span class=\"has-inline-color has-neve-link-color-color\">I<\/span>ONS<\/h3>\n\n\n\n<hr class=\"wp-block-separator has-text-color has-background has-neve-button-color-background-color has-neve-button-color-color is-style-default\"\/>\n\n\n\n<p>Afin de fid\u00e9liser la client\u00e8le des magasins, nous proposons des op\u00e9rations \u00e0 th\u00e8me sur une base mensuelle.<\/p>\n<\/div>\n<\/div>\n\n\n\n<div style=\"height:70px\" aria-hidden=\"true\" class=\"wp-block-spacer\"><\/div>\n\n\n\n<figure class=\"wp-block-pullquote alignfull\"><blockquote><p><strong>\u00ab\u00a0Notre force \ud83d\udcaa est d&rsquo;accompagner le client de la cr\u00e9ation d&rsquo;une gamme personnalis\u00e9e, \u00e0 la mise en place rayon et le suivi des ventes gr\u00e2ce \u00e0 une \u00e9quipe de merchandiseurs d\u00e9di\u00e9e au client \ud83d\udc51\u00a0\u00bb<\/strong><\/p><cite>WIZE DITRIBUTION<\/cite><\/blockquote><\/figure>\n","protected":false},"excerpt":{"rendered":"<p>\u00ab\u00a0Notre force \ud83d\udcaa est d&rsquo;accompagner le client de la cr\u00e9ation d&rsquo;une gamme personnalis\u00e9e, \u00e0 la mise en place rayon et le suivi des ventes gr\u00e2ce \u00e0 une \u00e9quipe de merchandiseurs d\u00e9di\u00e9e au client \ud83d\udc51\u00a0\u00bb WIZE DITRIBUTION<\/p>\n","protected":false},"author":1,"featured_media":0,"parent":0,"menu_order":0,"comment_status":"closed","ping_status":"closed","template":"","meta":{"_editorskit_title_hidden":false,"_editorskit_reading_time":1,"_editorskit_typography_data":[],"_editorskit_blocks_typography":"","_editorskit_is_block_options_detached":false,"_editorskit_block_options_position":"{}","_coblocks_attr":"","_coblocks_dimensions":"","_coblocks_responsive_height":"","_coblocks_accordion_ie_support":"","neve_meta_sidebar":"","neve_meta_container":"","neve_meta_enable_content_width":"","neve_meta_content_width":0,"neve_meta_title_alignment":"","neve_meta_author_avatar":"","neve_post_elements_order":"","neve_meta_disable_header":"","neve_meta_disable_footer":"","neve_meta_disable_title":"on","_ti_tpc_template_sync":false,"_ti_tpc_template_id":""},"_links":{"self":[{"href":"https:\/\/wizedistribution.com\/index.php\/wp-json\/wp\/v2\/pages\/2378"}],"collection":[{"href":"https:\/\/wizedistribution.com\/index.php\/wp-json\/wp\/v2\/pages"}],"about":[{"href":"https:\/\/wizedistribution.com\/index.php\/wp-json\/wp\/v2\/types\/page"}],"author":[{"embeddable":true,"href":"https:\/\/wizedistribution.com\/index.php\/wp-json\/wp\/v2\/users\/1"}],"replies":[{"embeddable":true,"href":"https:\/\/wizedistribution.com\/index.php\/wp-json\/wp\/v2\/comments?post=2378"}],"version-history":[{"count":13,"href":"https:\/\/wizedistribution.com\/index.php\/wp-json\/wp\/v2\/pages\/2378\/revisions"}],"predecessor-version":[{"id":2934,"href":"https:\/\/wizedistribution.com\/index.php\/wp-json\/wp\/v2\/pages\/2378\/revisions\/2934"}],"wp:attachment":[{"href":"https:\/\/wizedistribution.com\/index.php\/wp-json\/wp\/v2\/media?parent=2378"}],"curies":[{"name":"wp","href":"https:\/\/api.w.org\/{rel}","templated":true}]}}