{"id":2379,"date":"2021-11-15T16:36:46","date_gmt":"2021-11-15T15:36:46","guid":{"rendered":"https:\/\/wizedistribution.com\/?page_id=2379"},"modified":"2021-11-26T00:50:41","modified_gmt":"2021-11-25T23:50:41","slug":"merchandising","status":"publish","type":"page","link":"https:\/\/wizedistribution.com\/index.php\/merchandising\/","title":{"rendered":"MERCHANDISING"},"content":{"rendered":"\n<div style=\"height:70px\" aria-hidden=\"true\" class=\"wp-block-spacer\"><\/div>\n\n\n\n<div class=\"wp-block-cover alignfull is-light\" style=\"min-height:423px\"><span aria-hidden=\"true\" class=\"has-nv-c-2-background-color wp-block-cover__gradient-background has-background-dim\"><\/span><video class=\"wp-block-cover__video-background intrinsic-ignore\" autoplay muted loop playsinline src=\"https:\/\/wizedistribution.com\/wp-content\/uploads\/2021\/11\/VIDEOS-BANNIERE-WIZE-MERCHANDISING.mp4\" data-object-fit=\"cover\"><\/video><div class=\"wp-block-cover__inner-container\">\n<p class=\"has-text-align-center\" style=\"font-size:80px\"><mark style=\"background-color:rgba(0, 0, 0, 0)\" class=\"has-inline-color has-nv-site-bg-color\">MERCHAND<\/mark><mark style=\"background-color:rgba(0, 0, 0, 0)\" class=\"has-inline-color has-neve-link-color-color\">I<\/mark><mark style=\"background-color:rgba(0, 0, 0, 0)\" class=\"has-inline-color has-nv-site-bg-color\">SING<\/mark><\/p>\n<\/div><\/div>\n\n\n\n<div style=\"height:70px\" aria-hidden=\"true\" class=\"wp-block-spacer\"><\/div>\n\n\n\n<div class=\"wp-block-columns alignfull\">\n<div class=\"wp-block-column\">\n<figure class=\"wp-block-image size-full is-resized animated fadeInLeft slow\"><img loading=\"lazy\" src=\"https:\/\/wizedistribution.com\/wp-content\/uploads\/2021\/11\/IMPLANTATIONS.png\" alt=\"\" class=\"wp-image-2504\" width=\"609\" height=\"609\" srcset=\"https:\/\/wizedistribution.com\/wp-content\/uploads\/2021\/11\/IMPLANTATIONS.png 500w, https:\/\/wizedistribution.com\/wp-content\/uploads\/2021\/11\/IMPLANTATIONS-300x300.png 300w, https:\/\/wizedistribution.com\/wp-content\/uploads\/2021\/11\/IMPLANTATIONS-150x150.png 150w\" sizes=\"(max-width: 609px) 100vw, 609px\" \/><\/figure>\n<\/div>\n\n\n\n<div class=\"wp-block-column is-vertically-aligned-bottom\">\n<h2 class=\"has-text-align-center\" id=\"implantations\">IMPLANTATIONS<\/h2>\n\n\n\n<p>Tr\u00e8s souvent nos clients n&rsquo;ont pas de partenaire d\u00e9di\u00e9 \u00e0 la gestion du non alimentaire.<br>Une premi\u00e8re phase que nous qualifions \u00ab\u00a0d&rsquo;Implantation\u00a0\u00bb est donc n\u00e9cessaire. <\/p>\n\n\n\n<p>Celle-ci se fait en 3 \u00e9tapes:<\/p>\n\n\n\n<figure class=\"wp-block-video alignleft\"><video autoplay loop muted preload=\"auto\" src=\"https:\/\/wizedistribution.com\/wp-content\/uploads\/2021\/11\/IMPLANTATION-1.mp4\" playsinline><\/video><\/figure>\n<\/div>\n<\/div>\n\n\n\n<div style=\"height:70px\" aria-hidden=\"true\" class=\"wp-block-spacer\"><\/div>\n\n\n\n<div class=\"wp-block-columns alignfull\">\n<div class=\"wp-block-column is-vertically-aligned-center\">\n<h2 class=\"alignfull has-text-align-center\" id=\"suivi-et-re-assorts\">SUIVI ET RE-ASSORTS  <\/h2>\n\n\n\n<p class=\"has-text-align-right\">Pour chacun de nos clients\u00a0, nos merchandiseurs passent \u00e0 une fr\u00e9quence d\u00e9finie en fonction du besoin du magasin pour effectuer des r\u00e9assorts, ajuster l&rsquo;organisation du rayon si besoin et implanter nos nouveaux produits ou gammes.<\/p>\n\n\n\n<p class=\"has-text-align-right\">Nous fonctionnons sur le process suivant:<\/p>\n\n\n\n<figure class=\"wp-block-video\"><video autoplay loop muted src=\"https:\/\/wizedistribution.com\/wp-content\/uploads\/2021\/11\/SUIVI-ET-REASSORT.mp4\" playsinline><\/video><\/figure>\n\n\n\n<div class=\"wp-container-69e8ec3a0d96c wp-block-buttons\"><\/div>\n<\/div>\n\n\n\n<div class=\"wp-block-column\">\n<figure class=\"wp-block-image size-full is-resized animated fadeInRight slow\"><img loading=\"lazy\" src=\"https:\/\/wizedistribution.com\/wp-content\/uploads\/2021\/11\/SUIVI-ET-REASSORT-1.png\" alt=\"\" class=\"wp-image-2533\" width=\"611\" height=\"611\" srcset=\"https:\/\/wizedistribution.com\/wp-content\/uploads\/2021\/11\/SUIVI-ET-REASSORT-1.png 500w, https:\/\/wizedistribution.com\/wp-content\/uploads\/2021\/11\/SUIVI-ET-REASSORT-1-300x300.png 300w, https:\/\/wizedistribution.com\/wp-content\/uploads\/2021\/11\/SUIVI-ET-REASSORT-1-150x150.png 150w\" sizes=\"(max-width: 611px) 100vw, 611px\" \/><\/figure>\n<\/div>\n<\/div>\n\n\n\n<div style=\"height:70px\" aria-hidden=\"true\" class=\"wp-block-spacer\"><\/div>\n\n\n\n<figure class=\"wp-block-pullquote alignfull\"><blockquote><p>\u00ab\u00a0Nos forces et notre connaissance du march\u00e9, nous permettent de r\u00e9pondre \u00e0 toutes les attentes de nos clients distributeurs et de leur consommateurs \ud83d\ude80.\u00a0\u00bb<\/p><cite>WIZE DISTRIBUTION<\/cite><\/blockquote><\/figure>\n","protected":false},"excerpt":{"rendered":"<p>IMPLANTATIONS Tr\u00e8s souvent nos clients n&rsquo;ont pas de partenaire d\u00e9di\u00e9 \u00e0 la gestion du non alimentaire.Une premi\u00e8re phase que nous qualifions \u00ab\u00a0d&rsquo;Implantation\u00a0\u00bb est donc n\u00e9cessaire. Celle-ci se fait en 3 \u00e9tapes: SUIVI ET RE-ASSORTS Pour chacun de nos clients\u00a0, nos merchandiseurs passent \u00e0 une fr\u00e9quence d\u00e9finie en fonction du besoin du magasin pour effectuer des&hellip;&nbsp;<a href=\"https:\/\/wizedistribution.com\/index.php\/merchandising\/\" class=\"\" rel=\"bookmark\">Lire la suite &raquo;<span class=\"screen-reader-text\">MERCHANDISING<\/span><\/a><\/p>\n","protected":false},"author":1,"featured_media":0,"parent":0,"menu_order":0,"comment_status":"closed","ping_status":"closed","template":"","meta":{"_editorskit_title_hidden":false,"_editorskit_reading_time":1,"_editorskit_typography_data":[],"_editorskit_blocks_typography":"","_editorskit_is_block_options_detached":false,"_editorskit_block_options_position":"{}","_coblocks_attr":"","_coblocks_dimensions":"","_coblocks_responsive_height":"","_coblocks_accordion_ie_support":"","neve_meta_sidebar":"","neve_meta_container":"","neve_meta_enable_content_width":"","neve_meta_content_width":0,"neve_meta_title_alignment":"","neve_meta_author_avatar":"","neve_post_elements_order":"","neve_meta_disable_header":"","neve_meta_disable_footer":"","neve_meta_disable_title":"","_ti_tpc_template_sync":false,"_ti_tpc_template_id":""},"_links":{"self":[{"href":"https:\/\/wizedistribution.com\/index.php\/wp-json\/wp\/v2\/pages\/2379"}],"collection":[{"href":"https:\/\/wizedistribution.com\/index.php\/wp-json\/wp\/v2\/pages"}],"about":[{"href":"https:\/\/wizedistribution.com\/index.php\/wp-json\/wp\/v2\/types\/page"}],"author":[{"embeddable":true,"href":"https:\/\/wizedistribution.com\/index.php\/wp-json\/wp\/v2\/users\/1"}],"replies":[{"embeddable":true,"href":"https:\/\/wizedistribution.com\/index.php\/wp-json\/wp\/v2\/comments?post=2379"}],"version-history":[{"count":31,"href":"https:\/\/wizedistribution.com\/index.php\/wp-json\/wp\/v2\/pages\/2379\/revisions"}],"predecessor-version":[{"id":3243,"href":"https:\/\/wizedistribution.com\/index.php\/wp-json\/wp\/v2\/pages\/2379\/revisions\/3243"}],"wp:attachment":[{"href":"https:\/\/wizedistribution.com\/index.php\/wp-json\/wp\/v2\/media?parent=2379"}],"curies":[{"name":"wp","href":"https:\/\/api.w.org\/{rel}","templated":true}]}}