{"id":2381,"date":"2021-11-15T16:36:46","date_gmt":"2021-11-15T15:36:46","guid":{"rendered":"https:\/\/wizedistribution.com\/?page_id=2381"},"modified":"2021-11-25T15:47:00","modified_gmt":"2021-11-25T14:47:00","slug":"operation","status":"publish","type":"page","link":"https:\/\/wizedistribution.com\/index.php\/operation\/","title":{"rendered":"OPERATION"},"content":{"rendered":"\n<div style=\"height:70px\" aria-hidden=\"true\" class=\"wp-block-spacer\"><\/div>\n\n\n\n<div class=\"wp-block-cover alignfull is-light\" style=\"min-height:317px\"><span aria-hidden=\"true\" class=\"has-nv-text-dark-bg-background-color has-background-dim-30 wp-block-cover__gradient-background has-background-dim\"><\/span><video class=\"wp-block-cover__video-background intrinsic-ignore\" autoplay muted loop playsinline src=\"https:\/\/wizedistribution.com\/wp-content\/uploads\/2021\/11\/VIDEOS-BANNIERE-OPERATIONS-WIZE-DISTRIBUTION.mp4\" data-object-fit=\"cover\"><\/video><div class=\"wp-block-cover__inner-container\">\n<p class=\"has-text-align-center\" style=\"font-size:80px;text-transform:uppercase\"><mark style=\"background-color:rgba(0, 0, 0, 0)\" class=\"has-inline-color has-nv-site-bg-color\">Op\u00e9rat<span style=\"color:var(--nv-primary-accent)\" class=\"tadv-color\">i<\/span>on<\/mark><\/p>\n<\/div><\/div>\n\n\n\n<div style=\"height:100px\" aria-hidden=\"true\" class=\"wp-block-spacer\"><\/div>\n\n\n\n<div class=\"wp-block-columns alignfull\">\n<div class=\"wp-block-column is-vertically-aligned-center\">\n<figure class=\"wp-block-image size-full is-resized animated fadeInLeft slow\"><img loading=\"lazy\" src=\"https:\/\/wizedistribution.com\/wp-content\/uploads\/2021\/11\/OPERATIONS-2-1.png\" alt=\"\" class=\"wp-image-2757\" width=\"686\" height=\"686\" srcset=\"https:\/\/wizedistribution.com\/wp-content\/uploads\/2021\/11\/OPERATIONS-2-1.png 500w, https:\/\/wizedistribution.com\/wp-content\/uploads\/2021\/11\/OPERATIONS-2-1-300x300.png 300w, https:\/\/wizedistribution.com\/wp-content\/uploads\/2021\/11\/OPERATIONS-2-1-150x150.png 150w\" sizes=\"(max-width: 686px) 100vw, 686px\" \/><\/figure>\n<\/div>\n\n\n\n<div class=\"wp-block-column is-vertically-aligned-center\">\n<h2 id=\"nos-operations-commerciales\">NOS OPERAT<span style=\"color:var(--nv-primary-accent)\" class=\"tadv-color\">I<\/span>ONS COMMERC<span style=\"color:var(--nv-primary-accent)\" class=\"tadv-color\">I<\/span>ALES<\/h2>\n\n\n\n<p>Sur une base mensuelle, nous proposons \u00e0 nos clients des Op\u00e9rations reposant sur des th\u00e9matiques.<br>La diversit\u00e9 des produits et la comp\u00e9titivit\u00e9 des prix est un levier pr\u00e9cieux permettant aux magasins de fid\u00e9liser leurs clients.<\/p>\n\n\n\n<p>Nos derni\u00e8res op\u00e9rations:<\/p>\n\n\n\n<div aria-label=\"Carousel Gallery\" class=\"wp-block-coblocks-gallery-carousel has-responsive-height\"><div class=\"is-cropped coblocks-gallery has-no-alignment has-caption-style-dark\"><div class=\"has-carousel has-carousel-lrg has-aligned-cells\" data-flickity=\"{&quot;autoPlay&quot;:2000,&quot;draggable&quot;:false,&quot;pageDots&quot;:true,&quot;prevNextButtons&quot;:true,&quot;wrapAround&quot;:true,&quot;cellAlign&quot;:&quot;left&quot;,&quot;pauseAutoPlayOnHover&quot;:true,&quot;freeScroll&quot;:true,&quot;arrowShape&quot;:{&quot;x0&quot;:10,&quot;x1&quot;:60,&quot;y1&quot;:50,&quot;x2&quot;:65,&quot;y2&quot;:45,&quot;x3&quot;:20},&quot;thumbnails&quot;:false,&quot;responsiveHeight&quot;:true}\"><div class=\"coblocks-gallery--item\"><figure class=\"coblocks-gallery--figure\"><img loading=\"lazy\" width=\"412\" height=\"1024\" src=\"https:\/\/wizedistribution.com\/wp-content\/uploads\/2021\/11\/Newsletter_Sept21_268433-412x1024.jpg\" alt=\"\" data-id=\"2759\" data-link=\"https:\/\/wizedistribution.com\/index.php\/operation\/newsletter_sept21_268433\/\" class=\"wp-image-2759\" srcset=\"https:\/\/wizedistribution.com\/wp-content\/uploads\/2021\/11\/Newsletter_Sept21_268433-412x1024.jpg 412w, https:\/\/wizedistribution.com\/wp-content\/uploads\/2021\/11\/Newsletter_Sept21_268433-121x300.jpg 121w, https:\/\/wizedistribution.com\/wp-content\/uploads\/2021\/11\/Newsletter_Sept21_268433-768x1908.jpg 768w, https:\/\/wizedistribution.com\/wp-content\/uploads\/2021\/11\/Newsletter_Sept21_268433-618x1536.jpg 618w, https:\/\/wizedistribution.com\/wp-content\/uploads\/2021\/11\/Newsletter_Sept21_268433.jpg 800w\" sizes=\"(max-width: 412px) 100vw, 412px\" \/><\/figure><\/div><div class=\"coblocks-gallery--item\"><figure class=\"coblocks-gallery--figure\"><img loading=\"lazy\" width=\"393\" height=\"1024\" src=\"https:\/\/wizedistribution.com\/wp-content\/uploads\/2021\/11\/RICQLES-393x1024.png\" alt=\"\" data-id=\"2761\" data-link=\"https:\/\/wizedistribution.com\/index.php\/operation\/ricqles\/\" class=\"wp-image-2761\" srcset=\"https:\/\/wizedistribution.com\/wp-content\/uploads\/2021\/11\/RICQLES-393x1024.png 393w, https:\/\/wizedistribution.com\/wp-content\/uploads\/2021\/11\/RICQLES-115x300.png 115w, https:\/\/wizedistribution.com\/wp-content\/uploads\/2021\/11\/RICQLES-768x1999.png 768w, https:\/\/wizedistribution.com\/wp-content\/uploads\/2021\/11\/RICQLES-590x1536.png 590w, https:\/\/wizedistribution.com\/wp-content\/uploads\/2021\/11\/RICQLES-787x2048.png 787w, https:\/\/wizedistribution.com\/wp-content\/uploads\/2021\/11\/RICQLES.png 1066w\" sizes=\"(max-width: 393px) 100vw, 393px\" \/><\/figure><\/div><div class=\"coblocks-gallery--item\"><figure class=\"coblocks-gallery--figure\"><img loading=\"lazy\" width=\"724\" height=\"1024\" src=\"https:\/\/wizedistribution.com\/wp-content\/uploads\/2021\/11\/1-724x1024.png\" alt=\"\" data-id=\"2762\" data-link=\"https:\/\/wizedistribution.com\/index.php\/operation\/attachment\/1\/\" class=\"wp-image-2762\" srcset=\"https:\/\/wizedistribution.com\/wp-content\/uploads\/2021\/11\/1-724x1024.png 724w, https:\/\/wizedistribution.com\/wp-content\/uploads\/2021\/11\/1-212x300.png 212w, https:\/\/wizedistribution.com\/wp-content\/uploads\/2021\/11\/1-768x1086.png 768w, https:\/\/wizedistribution.com\/wp-content\/uploads\/2021\/11\/1-1086x1536.png 1086w, https:\/\/wizedistribution.com\/wp-content\/uploads\/2021\/11\/1.png 1414w\" sizes=\"(max-width: 724px) 100vw, 724px\" \/><\/figure><\/div><div class=\"coblocks-gallery--item\"><figure class=\"coblocks-gallery--figure\"><img loading=\"lazy\" width=\"724\" height=\"1024\" src=\"https:\/\/wizedistribution.com\/wp-content\/uploads\/2021\/11\/2-724x1024.png\" alt=\"\" data-id=\"2763\" data-link=\"https:\/\/wizedistribution.com\/index.php\/operation\/attachment\/2\/\" class=\"wp-image-2763\" srcset=\"https:\/\/wizedistribution.com\/wp-content\/uploads\/2021\/11\/2-724x1024.png 724w, https:\/\/wizedistribution.com\/wp-content\/uploads\/2021\/11\/2-212x300.png 212w, https:\/\/wizedistribution.com\/wp-content\/uploads\/2021\/11\/2-768x1086.png 768w, https:\/\/wizedistribution.com\/wp-content\/uploads\/2021\/11\/2-1086x1536.png 1086w, https:\/\/wizedistribution.com\/wp-content\/uploads\/2021\/11\/2.png 1414w\" sizes=\"(max-width: 724px) 100vw, 724px\" \/><\/figure><\/div><\/div><\/div><\/div>\n\n\n\n<p><\/p>\n<\/div>\n<\/div>\n\n\n\n<div style=\"height:70px\" aria-hidden=\"true\" class=\"wp-block-spacer\"><\/div>\n\n\n\n<figure class=\"wp-block-pullquote alignfull\"><blockquote><p>\u00ab\u00a0Du premium au op\u00e9rations promos \ud83d\udcb2, nos gammes tarifaires sont en ad\u00e9quation avec notre volont\u00e9 de proposer un produit pour chaque client et consommateur.\u00a0\u00bb<\/p><cite>WIZE DISTRIBUTION<\/cite><\/blockquote><\/figure>\n","protected":false},"excerpt":{"rendered":"<p>NOS OPERATIONS COMMERCIALES Sur une base mensuelle, nous proposons \u00e0 nos clients des Op\u00e9rations reposant sur des th\u00e9matiques.La diversit\u00e9 des produits et la comp\u00e9titivit\u00e9 des prix est un levier pr\u00e9cieux permettant aux magasins de fid\u00e9liser leurs clients. Nos derni\u00e8res op\u00e9rations: \u00ab\u00a0Du premium au op\u00e9rations promos \ud83d\udcb2, nos gammes tarifaires sont en ad\u00e9quation avec notre volont\u00e9&hellip;&nbsp;<a href=\"https:\/\/wizedistribution.com\/index.php\/operation\/\" class=\"\" rel=\"bookmark\">Lire la suite &raquo;<span class=\"screen-reader-text\">OPERATION<\/span><\/a><\/p>\n","protected":false},"author":1,"featured_media":0,"parent":0,"menu_order":0,"comment_status":"closed","ping_status":"closed","template":"","meta":{"_editorskit_title_hidden":false,"_editorskit_reading_time":1,"_editorskit_typography_data":[],"_editorskit_blocks_typography":"","_editorskit_is_block_options_detached":false,"_editorskit_block_options_position":"{}","_coblocks_attr":"","_coblocks_dimensions":"","_coblocks_responsive_height":"","_coblocks_accordion_ie_support":"","neve_meta_sidebar":"","neve_meta_container":"","neve_meta_enable_content_width":"","neve_meta_content_width":0,"neve_meta_title_alignment":"","neve_meta_author_avatar":"","neve_post_elements_order":"","neve_meta_disable_header":"","neve_meta_disable_footer":"","neve_meta_disable_title":"","_ti_tpc_template_sync":false,"_ti_tpc_template_id":""},"_links":{"self":[{"href":"https:\/\/wizedistribution.com\/index.php\/wp-json\/wp\/v2\/pages\/2381"}],"collection":[{"href":"https:\/\/wizedistribution.com\/index.php\/wp-json\/wp\/v2\/pages"}],"about":[{"href":"https:\/\/wizedistribution.com\/index.php\/wp-json\/wp\/v2\/types\/page"}],"author":[{"embeddable":true,"href":"https:\/\/wizedistribution.com\/index.php\/wp-json\/wp\/v2\/users\/1"}],"replies":[{"embeddable":true,"href":"https:\/\/wizedistribution.com\/index.php\/wp-json\/wp\/v2\/comments?post=2381"}],"version-history":[{"count":15,"href":"https:\/\/wizedistribution.com\/index.php\/wp-json\/wp\/v2\/pages\/2381\/revisions"}],"predecessor-version":[{"id":3069,"href":"https:\/\/wizedistribution.com\/index.php\/wp-json\/wp\/v2\/pages\/2381\/revisions\/3069"}],"wp:attachment":[{"href":"https:\/\/wizedistribution.com\/index.php\/wp-json\/wp\/v2\/media?parent=2381"}],"curies":[{"name":"wp","href":"https:\/\/api.w.org\/{rel}","templated":true}]}}