{"id":2382,"date":"2021-11-15T16:36:46","date_gmt":"2021-11-15T15:36:46","guid":{"rendered":"https:\/\/wizedistribution.com\/?page_id=2382"},"modified":"2021-11-23T23:50:37","modified_gmt":"2021-11-23T22:50:37","slug":"logistique","status":"publish","type":"page","link":"https:\/\/wizedistribution.com\/index.php\/logistique\/","title":{"rendered":"LOGISTIQUE"},"content":{"rendered":"\n<div class=\"wp-block-cover alignfull is-light\" style=\"min-height:317px\"><span aria-hidden=\"true\" class=\"has-nv-text-dark-bg-background-color has-background-dim-10 wp-block-cover__gradient-background has-background-dim\"><\/span><video class=\"wp-block-cover__video-background intrinsic-ignore\" autoplay muted loop playsinline src=\"https:\/\/wizedistribution.com\/wp-content\/uploads\/2021\/11\/VIDEOS-BANNIERE-LOGISTIQUE-WIZE-DISTRIBUTION-1.mp4\" data-object-fit=\"cover\"><\/video><div class=\"wp-block-cover__inner-container\">\n<p class=\"has-text-align-center\" style=\"font-size:80px\"><mark style=\"background-color:rgba(0, 0, 0, 0)\" class=\"has-inline-color has-nv-site-bg-color\">LOG<span style=\"color:var(--nv-primary-accent)\" class=\"tadv-color\">I<\/span>STIQUE<\/mark><\/p>\n<\/div><\/div>\n\n\n\n<div style=\"height:70px\" aria-hidden=\"true\" class=\"wp-block-spacer\"><\/div>\n\n\n\n<div class=\"wp-block-columns alignfull are-vertically-aligned-center is-style-gapless\">\n<div class=\"wp-block-column is-vertically-aligned-center\">\n<figure class=\"wp-block-image size-full is-resized animated fadeInLeft slow\"><img loading=\"lazy\" src=\"https:\/\/wizedistribution.com\/wp-content\/uploads\/2021\/11\/LOGISTIQUE-1.png\" alt=\"\" class=\"wp-image-2783\" width=\"641\" height=\"641\" srcset=\"https:\/\/wizedistribution.com\/wp-content\/uploads\/2021\/11\/LOGISTIQUE-1.png 500w, https:\/\/wizedistribution.com\/wp-content\/uploads\/2021\/11\/LOGISTIQUE-1-300x300.png 300w, https:\/\/wizedistribution.com\/wp-content\/uploads\/2021\/11\/LOGISTIQUE-1-150x150.png 150w\" sizes=\"(max-width: 641px) 100vw, 641px\" \/><\/figure>\n<\/div>\n\n\n\n<div class=\"wp-block-column is-vertically-aligned-center\">\n<h2 id=\"internalisee-pour-un-service-agile\">Internalis\u00e9e pour un service agile<\/h2>\n\n\n\n<p>Notre logistique compl\u00e8tement internalis\u00e9e nous permet d&rsquo;assurer agilit\u00e9 et efficacit\u00e9 de service \u00e0 nos clients.<\/p>\n\n\n\n<ul class=\"is-style-connected has-list-bullet-color\" style=\"--ek-bullet-color:var(--nv-primary-accent)\"><li>Nous pouvons r\u00e9pondre aux demandes exceptionnelles rapidement et soutenir nos clients<\/li><li>Nous \u00e9vitons les ruptures en rayon ayant toujours le stock n\u00e9cessaire dans notre entrep\u00f4t de Sucy en Brie<\/li><li>Nous analysons et maitrisons notre performance logistique et assurons un approvisionnement toujours plus efficace<\/li><li><\/li><\/ul>\n<\/div>\n<\/div>\n\n\n\n<div style=\"height:70px\" aria-hidden=\"true\" class=\"wp-block-spacer\"><\/div>\n\n\n\n<figure class=\"wp-block-pullquote alignfull\"><blockquote><p>\u00ab\u00a0A travers une digitalisation \ud83c\udf10 de nos services de commande\/logistique\/suivi des ventes, notre gestion\/service client est un atout majeur au service de l&rsquo;efficacit\u00e9 \ud83d\udcc8.\u00a0\u00bb<\/p><cite>WIZE DISTRIBUTION<\/cite><\/blockquote><\/figure>\n\n\n\n<div style=\"height:70px\" aria-hidden=\"true\" class=\"wp-block-spacer\"><\/div>\n","protected":false},"excerpt":{"rendered":"<p>Internalis\u00e9e pour un service agile Notre logistique compl\u00e8tement internalis\u00e9e nous permet d&rsquo;assurer agilit\u00e9 et efficacit\u00e9 de service \u00e0 nos clients. Nous pouvons r\u00e9pondre aux demandes exceptionnelles rapidement et soutenir nos clients Nous \u00e9vitons les ruptures en rayon ayant toujours le stock n\u00e9cessaire dans notre entrep\u00f4t de Sucy en Brie Nous analysons et maitrisons notre performance&hellip;&nbsp;<a href=\"https:\/\/wizedistribution.com\/index.php\/logistique\/\" class=\"\" rel=\"bookmark\">Lire la suite &raquo;<span class=\"screen-reader-text\">LOGISTIQUE<\/span><\/a><\/p>\n","protected":false},"author":1,"featured_media":0,"parent":0,"menu_order":0,"comment_status":"closed","ping_status":"closed","template":"","meta":{"_editorskit_title_hidden":false,"_editorskit_reading_time":1,"_editorskit_typography_data":[],"_editorskit_blocks_typography":"","_editorskit_is_block_options_detached":false,"_editorskit_block_options_position":"{}","_coblocks_attr":"","_coblocks_dimensions":"","_coblocks_responsive_height":"","_coblocks_accordion_ie_support":"","neve_meta_sidebar":"","neve_meta_container":"","neve_meta_enable_content_width":"","neve_meta_content_width":0,"neve_meta_title_alignment":"","neve_meta_author_avatar":"","neve_post_elements_order":"","neve_meta_disable_header":"","neve_meta_disable_footer":"","neve_meta_disable_title":"","_ti_tpc_template_sync":false,"_ti_tpc_template_id":""},"_links":{"self":[{"href":"https:\/\/wizedistribution.com\/index.php\/wp-json\/wp\/v2\/pages\/2382"}],"collection":[{"href":"https:\/\/wizedistribution.com\/index.php\/wp-json\/wp\/v2\/pages"}],"about":[{"href":"https:\/\/wizedistribution.com\/index.php\/wp-json\/wp\/v2\/types\/page"}],"author":[{"embeddable":true,"href":"https:\/\/wizedistribution.com\/index.php\/wp-json\/wp\/v2\/users\/1"}],"replies":[{"embeddable":true,"href":"https:\/\/wizedistribution.com\/index.php\/wp-json\/wp\/v2\/comments?post=2382"}],"version-history":[{"count":10,"href":"https:\/\/wizedistribution.com\/index.php\/wp-json\/wp\/v2\/pages\/2382\/revisions"}],"predecessor-version":[{"id":2843,"href":"https:\/\/wizedistribution.com\/index.php\/wp-json\/wp\/v2\/pages\/2382\/revisions\/2843"}],"wp:attachment":[{"href":"https:\/\/wizedistribution.com\/index.php\/wp-json\/wp\/v2\/media?parent=2382"}],"curies":[{"name":"wp","href":"https:\/\/api.w.org\/{rel}","templated":true}]}}