{"id":2383,"date":"2021-11-15T16:36:46","date_gmt":"2021-11-15T15:36:46","guid":{"rendered":"https:\/\/wizedistribution.com\/?page_id=2383"},"modified":"2021-11-25T15:39:46","modified_gmt":"2021-11-25T14:39:46","slug":"maison","status":"publish","type":"page","link":"https:\/\/wizedistribution.com\/index.php\/maison\/","title":{"rendered":"LA MAISON"},"content":{"rendered":"\n<div><div>\u00a0<\/div><\/div>\n\n\n\n<div class=\"wp-block-cover alignfull is-light\" style=\"min-height:317px\"><span aria-hidden=\"true\" class=\"has-nv-text-dark-bg-background-color has-background-dim-30 wp-block-cover__gradient-background has-background-dim\"><\/span><video class=\"wp-block-cover__video-background intrinsic-ignore\" autoplay muted loop playsinline src=\"https:\/\/wizedistribution.com\/wp-content\/uploads\/2021\/11\/VIDEOS-BANNIERE-LA-MAISON-WIZE-DISTRIBUTION.mp4\" data-object-fit=\"cover\"><\/video><div class=\"wp-block-cover__inner-container\">\n<p class=\"has-text-align-center\" style=\"font-size:80px\"><mark style=\"background-color:rgba(0, 0, 0, 0)\" class=\"has-inline-color has-nv-site-bg-color\">LA MA<span style=\"color:var(--nv-primary-accent)\" class=\"tadv-color\">I<\/span>SON<\/mark><\/p>\n<\/div><\/div>\n\n\n\n<div style=\"height:70px\" aria-hidden=\"true\" class=\"wp-block-spacer\"><\/div>\n\n\n\n<div class=\"wp-block-columns alignwide\">\n<div class=\"wp-block-column is-vertically-aligned-center\">\n<figure class=\"wp-block-image size-full is-resized animated fadeInLeft slow\"><img loading=\"lazy\" src=\"https:\/\/wizedistribution.com\/wp-content\/uploads\/2021\/11\/LA-MAISON.png\" alt=\"\" class=\"wp-image-3042\" width=\"550\" height=\"550\" srcset=\"https:\/\/wizedistribution.com\/wp-content\/uploads\/2021\/11\/LA-MAISON.png 500w, https:\/\/wizedistribution.com\/wp-content\/uploads\/2021\/11\/LA-MAISON-300x300.png 300w, https:\/\/wizedistribution.com\/wp-content\/uploads\/2021\/11\/LA-MAISON-150x150.png 150w\" sizes=\"(max-width: 550px) 100vw, 550px\" \/><\/figure>\n<\/div>\n\n\n\n<div class=\"wp-block-column is-vertically-aligned-center\">\n<h2 id=\"une-gamme-essentiele\">UNE GAMME ESSENTIELE<\/h2>\n\n\n\n<p>Wize Distribution propose en marque propre ou avec leurs marques partenaires tous types de produits permettant d&rsquo;\u00e9quiper une maison pour un quotidien facile.<\/p>\n\n\n\n<p>Entre gadgets de cuisine, Patisserie, Equipements, Vaisselles, Outillages, Linges de maison ou encore brosserie, nos magasins clients couvrent toutes les gammes du quotidien.<\/p>\n\n\n\n<p>WIZE KITCHEN &#8211; WIZE CLEAN &#8211; WIZE HOME &#8211; WIZE BRICO<\/p>\n\n\n\n<p>BROSSERIE THOMAS &#8211; KINZO &#8211; TEFAL<\/p>\n\n\n\n<div><\/div>\n<\/div>\n<\/div>\n\n\n\n<div class=\"wp-block-columns\">\n<div class=\"wp-block-column\">\n<figure class=\"wp-block-image size-full animated zoomIn slow\"><a href=\"https:\/\/wizedistribution.com\/index.php\/cuisine-2\/\"><img loading=\"lazy\" width=\"500\" height=\"500\" src=\"https:\/\/wizedistribution.com\/wp-content\/uploads\/2021\/11\/CUISINE.png\" alt=\"\" class=\"wp-image-3043\" srcset=\"https:\/\/wizedistribution.com\/wp-content\/uploads\/2021\/11\/CUISINE.png 500w, https:\/\/wizedistribution.com\/wp-content\/uploads\/2021\/11\/CUISINE-300x300.png 300w, https:\/\/wizedistribution.com\/wp-content\/uploads\/2021\/11\/CUISINE-150x150.png 150w\" sizes=\"(max-width: 500px) 100vw, 500px\" \/><\/a><\/figure>\n\n\n\n<h3 class=\"has-text-align-center\" id=\"cuisine\">CUIS<span style=\"color:var(--nv-primary-accent)\" class=\"tadv-color\">I<\/span>NE<\/h3>\n\n\n\n<hr class=\"wp-block-separator has-text-color has-background has-neve-button-color-background-color has-neve-button-color-color is-style-default\"\/>\n<\/div>\n\n\n\n<div class=\"wp-block-column\">\n<figure class=\"wp-block-image size-full animated zoomIn slow\"><a href=\"https:\/\/wizedistribution.com\/index.php\/vaiselle\/\"><img loading=\"lazy\" width=\"500\" height=\"500\" src=\"https:\/\/wizedistribution.com\/wp-content\/uploads\/2021\/11\/VAISSELLE.png\" alt=\"\" class=\"wp-image-3044\" srcset=\"https:\/\/wizedistribution.com\/wp-content\/uploads\/2021\/11\/VAISSELLE.png 500w, https:\/\/wizedistribution.com\/wp-content\/uploads\/2021\/11\/VAISSELLE-300x300.png 300w, https:\/\/wizedistribution.com\/wp-content\/uploads\/2021\/11\/VAISSELLE-150x150.png 150w\" sizes=\"(max-width: 500px) 100vw, 500px\" \/><\/a><\/figure>\n\n\n\n<h3 class=\"has-text-align-center\" id=\"vaisselle\">VA<span style=\"color:var(--nv-primary-accent)\" class=\"tadv-color\">I<\/span>SSELLE<\/h3>\n\n\n\n<hr class=\"wp-block-separator has-text-color has-background has-neve-button-color-background-color has-neve-button-color-color is-style-default\"\/>\n<\/div>\n\n\n\n<div class=\"wp-block-column\">\n<figure class=\"wp-block-image size-full animated zoomIn slow\"><a href=\"https:\/\/wizedistribution.com\/index.php\/entretien-2\/\"><img loading=\"lazy\" width=\"500\" height=\"500\" src=\"https:\/\/wizedistribution.com\/wp-content\/uploads\/2021\/11\/ENTRETIEN-MAISON.png\" alt=\"\" class=\"wp-image-3045\" srcset=\"https:\/\/wizedistribution.com\/wp-content\/uploads\/2021\/11\/ENTRETIEN-MAISON.png 500w, https:\/\/wizedistribution.com\/wp-content\/uploads\/2021\/11\/ENTRETIEN-MAISON-300x300.png 300w, https:\/\/wizedistribution.com\/wp-content\/uploads\/2021\/11\/ENTRETIEN-MAISON-150x150.png 150w\" sizes=\"(max-width: 500px) 100vw, 500px\" \/><\/a><\/figure>\n\n\n\n<h3 class=\"has-text-align-center\" id=\"entretien\">ENTRET<span style=\"color:var(--nv-primary-accent)\" class=\"tadv-color\">I<\/span>EN<\/h3>\n\n\n\n<hr class=\"wp-block-separator has-text-color has-background has-neve-button-color-background-color has-neve-button-color-color is-style-default\"\/>\n<\/div>\n\n\n\n<div class=\"wp-block-column\">\n<figure class=\"wp-block-image size-full animated zoomIn slow\"><a href=\"https:\/\/wizedistribution.com\/index.php\/bricolage-2\/\"><img loading=\"lazy\" width=\"500\" height=\"500\" src=\"https:\/\/wizedistribution.com\/wp-content\/uploads\/2021\/11\/DISTRIBUTION-BRICOLAGE-1.png\" alt=\"\" class=\"wp-image-3046\" srcset=\"https:\/\/wizedistribution.com\/wp-content\/uploads\/2021\/11\/DISTRIBUTION-BRICOLAGE-1.png 500w, https:\/\/wizedistribution.com\/wp-content\/uploads\/2021\/11\/DISTRIBUTION-BRICOLAGE-1-300x300.png 300w, https:\/\/wizedistribution.com\/wp-content\/uploads\/2021\/11\/DISTRIBUTION-BRICOLAGE-1-150x150.png 150w\" sizes=\"(max-width: 500px) 100vw, 500px\" \/><\/a><\/figure>\n\n\n\n<h3 class=\"has-text-align-center\" id=\"operations\">BR<span style=\"color:var(--nv-primary-accent)\" class=\"tadv-color\">I<\/span>COLAGE<\/h3>\n\n\n\n<hr class=\"wp-block-separator has-text-color has-background has-neve-button-color-background-color has-neve-button-color-color is-style-default\"\/>\n<\/div>\n\n\n\n<div class=\"wp-block-column\">\n<figure class=\"wp-block-image size-full animated zoomIn slow\"><a href=\"https:\/\/wizedistribution.com\/index.php\/linge-de-maison-2\/\"><img loading=\"lazy\" width=\"500\" height=\"500\" src=\"https:\/\/wizedistribution.com\/wp-content\/uploads\/2021\/11\/DISTRIBUTION-MAISON-1.png\" alt=\"\" class=\"wp-image-3047\" srcset=\"https:\/\/wizedistribution.com\/wp-content\/uploads\/2021\/11\/DISTRIBUTION-MAISON-1.png 500w, https:\/\/wizedistribution.com\/wp-content\/uploads\/2021\/11\/DISTRIBUTION-MAISON-1-300x300.png 300w, https:\/\/wizedistribution.com\/wp-content\/uploads\/2021\/11\/DISTRIBUTION-MAISON-1-150x150.png 150w\" sizes=\"(max-width: 500px) 100vw, 500px\" \/><\/a><\/figure>\n\n\n\n<h3 class=\"has-text-align-center\" id=\"operations\">L<span style=\"color:var(--nv-primary-accent)\" class=\"tadv-color\">I<\/span>NGE DE MAISON<\/h3>\n\n\n\n<hr class=\"wp-block-separator has-text-color has-background has-neve-button-color-background-color has-neve-button-color-color is-style-default\"\/>\n<\/div>\n<\/div>\n\n\n\n<div style=\"height:70px\" aria-hidden=\"true\" class=\"wp-block-spacer\"><\/div>\n\n\n\n<figure class=\"wp-block-pullquote alignfull\"><blockquote><p>\u00ab\u00a0Gr\u00e2ce \u00e0 un choix de produits en ad\u00e9quation avec les attentes et besoins du client, nous garantissons un volume de ventes additionnelles et une dynamisation commerciale \ud83c\udfaf\ud83d\ude80\u00a0\u00bb<\/p><cite>WIZE DISTRIBUTION<\/cite><\/blockquote><\/figure>\n\n\n\n<div style=\"height:70px\" aria-hidden=\"true\" class=\"wp-block-spacer\"><\/div>\n","protected":false},"excerpt":{"rendered":"<p>\u00a0 UNE GAMME ESSENTIELE Wize Distribution propose en marque propre ou avec leurs marques partenaires tous types de produits permettant d&rsquo;\u00e9quiper une maison pour un quotidien facile. Entre gadgets de cuisine, Patisserie, Equipements, Vaisselles, Outillages, Linges de maison ou encore brosserie, nos magasins clients couvrent toutes les gammes du quotidien. WIZE KITCHEN &#8211; WIZE CLEAN&hellip;&nbsp;<a href=\"https:\/\/wizedistribution.com\/index.php\/maison\/\" class=\"\" rel=\"bookmark\">Lire la suite &raquo;<span class=\"screen-reader-text\">LA MAISON<\/span><\/a><\/p>\n","protected":false},"author":1,"featured_media":0,"parent":0,"menu_order":0,"comment_status":"closed","ping_status":"closed","template":"","meta":{"_editorskit_title_hidden":false,"_editorskit_reading_time":1,"_editorskit_typography_data":[],"_editorskit_blocks_typography":"","_editorskit_is_block_options_detached":false,"_editorskit_block_options_position":"{}","_coblocks_attr":"","_coblocks_dimensions":"","_coblocks_responsive_height":"","_coblocks_accordion_ie_support":"","neve_meta_sidebar":"","neve_meta_container":"","neve_meta_enable_content_width":"","neve_meta_content_width":0,"neve_meta_title_alignment":"","neve_meta_author_avatar":"","neve_post_elements_order":"","neve_meta_disable_header":"","neve_meta_disable_footer":"","neve_meta_disable_title":"on","_ti_tpc_template_sync":false,"_ti_tpc_template_id":""},"_links":{"self":[{"href":"https:\/\/wizedistribution.com\/index.php\/wp-json\/wp\/v2\/pages\/2383"}],"collection":[{"href":"https:\/\/wizedistribution.com\/index.php\/wp-json\/wp\/v2\/pages"}],"about":[{"href":"https:\/\/wizedistribution.com\/index.php\/wp-json\/wp\/v2\/types\/page"}],"author":[{"embeddable":true,"href":"https:\/\/wizedistribution.com\/index.php\/wp-json\/wp\/v2\/users\/1"}],"replies":[{"embeddable":true,"href":"https:\/\/wizedistribution.com\/index.php\/wp-json\/wp\/v2\/comments?post=2383"}],"version-history":[{"count":8,"href":"https:\/\/wizedistribution.com\/index.php\/wp-json\/wp\/v2\/pages\/2383\/revisions"}],"predecessor-version":[{"id":3055,"href":"https:\/\/wizedistribution.com\/index.php\/wp-json\/wp\/v2\/pages\/2383\/revisions\/3055"}],"wp:attachment":[{"href":"https:\/\/wizedistribution.com\/index.php\/wp-json\/wp\/v2\/media?parent=2383"}],"curies":[{"name":"wp","href":"https:\/\/api.w.org\/{rel}","templated":true}]}}