{"id":2386,"date":"2021-11-15T16:36:46","date_gmt":"2021-11-15T15:36:46","guid":{"rendered":"https:\/\/wizedistribution.com\/?page_id=2386"},"modified":"2021-11-25T15:39:59","modified_gmt":"2021-11-25T14:39:59","slug":"entretien-2","status":"publish","type":"page","link":"https:\/\/wizedistribution.com\/index.php\/entretien-2\/","title":{"rendered":"ENTRETIEN"},"content":{"rendered":"\n<div class=\"wp-block-cover alignfull is-light\" style=\"min-height:317px\"><span aria-hidden=\"true\" class=\"has-nv-text-dark-bg-background-color has-background-dim-30 wp-block-cover__gradient-background has-background-dim\"><\/span><video class=\"wp-block-cover__video-background intrinsic-ignore\" autoplay muted loop playsinline src=\"https:\/\/wizedistribution.com\/wp-content\/uploads\/2021\/11\/VIDEOS-BANNIERE-ENTRETIEN-MAISON-WIZE-DISTRIBUTION.mp4\" data-object-fit=\"cover\"><\/video><div class=\"wp-block-cover__inner-container\">\n<p class=\"has-text-align-center\" style=\"font-size:80px\"><mark style=\"background-color:rgba(0, 0, 0, 0)\" class=\"has-inline-color has-nv-site-bg-color\">ENTRET<span style=\"color:var(--nv-primary-accent)\" class=\"tadv-color\">I<\/span>EN<\/mark><\/p>\n<\/div><\/div>\n\n\n\n<div style=\"height:70px\" aria-hidden=\"true\" class=\"wp-block-spacer\"><\/div>\n\n\n\n<div class=\"wp-block-columns alignwide are-vertically-aligned-center is-style-default\">\n<div class=\"wp-block-column is-vertically-aligned-center\">\n<div class=\"wp-block-cover aligncenter is-light is-style-editorskit-rounded animated fadeInLeft slow\"><span aria-hidden=\"true\" class=\"has-nv-site-bg-background-color has-background-dim-40 wp-block-cover__gradient-background has-background-dim\"><\/span><img loading=\"lazy\" width=\"500\" height=\"500\" class=\"wp-block-cover__image-background wp-image-3008\" alt=\"\" src=\"https:\/\/wizedistribution.com\/wp-content\/uploads\/2021\/11\/BALAI.png\" data-object-fit=\"cover\" srcset=\"https:\/\/wizedistribution.com\/wp-content\/uploads\/2021\/11\/BALAI.png 500w, https:\/\/wizedistribution.com\/wp-content\/uploads\/2021\/11\/BALAI-300x300.png 300w, https:\/\/wizedistribution.com\/wp-content\/uploads\/2021\/11\/BALAI-150x150.png 150w\" sizes=\"(max-width: 500px) 100vw, 500px\" \/><div class=\"wp-block-cover__inner-container\">\n<p class=\"has-text-align-center has-huge-font-size has-huge-font-size has-ek-indent has-custom-lineheight has-custom-letterspacing\" style=\"text-transform:uppercase;--ek-indent:20px;line-height:1;letter-spacing:1px\"><span style=\"color:var(--nv-text-dark-bg)\" class=\"tadv-color\">BROSSERIE<\/span><\/p>\n<\/div><\/div>\n<\/div>\n\n\n\n<div class=\"wp-block-column is-vertically-aligned-center\">\n<div class=\"wp-block-cover aligncenter is-light is-style-editorskit-rounded is-cropping animated fadeInRight slow\"><span aria-hidden=\"true\" class=\"has-nv-site-bg-background-color has-background-dim-40 wp-block-cover__gradient-background has-background-dim\"><\/span><img loading=\"lazy\" width=\"500\" height=\"500\" class=\"wp-block-cover__image-background wp-image-3009\" alt=\"\" src=\"https:\/\/wizedistribution.com\/wp-content\/uploads\/2021\/11\/EPONGES.png\" data-object-fit=\"cover\" srcset=\"https:\/\/wizedistribution.com\/wp-content\/uploads\/2021\/11\/EPONGES.png 500w, https:\/\/wizedistribution.com\/wp-content\/uploads\/2021\/11\/EPONGES-300x300.png 300w, https:\/\/wizedistribution.com\/wp-content\/uploads\/2021\/11\/EPONGES-150x150.png 150w\" sizes=\"(max-width: 500px) 100vw, 500px\" \/><div class=\"wp-block-cover__inner-container\">\n<p class=\"has-text-align-center has-huge-font-size has-huge-font-size has-ek-indent has-custom-lineheight has-custom-letterspacing\" style=\"text-transform:uppercase;--ek-indent:20px;line-height:1;letter-spacing:1px\"><span style=\"color:var(--nv-text-dark-bg)\" class=\"tadv-color\">ACCESSOIRES<\/span><\/p>\n<\/div><\/div>\n<\/div>\n<\/div>\n\n\n\n<div style=\"height:70px\" aria-hidden=\"true\" class=\"wp-block-spacer\"><\/div>\n\n\n\n<figure class=\"wp-block-pullquote alignfull animated fadeInUp slow\"><blockquote><p>\u00ab\u00a0\u00c0 travers des produits de qualit\u00e9 v\u00e9rifi\u00e9e \u2705 et des partenariats avec de grandes marques, le magasin peut construire\ud83d\udc77\u200d\u2642\ufe0fune offre unique pour r\u00e9pondre \u00e0 toutes les attentes de ses clients \ud83d\uded2.\u00a0\u00bb<\/p><cite>WIZE DISTRIBUTION<\/cite><\/blockquote><\/figure>\n\n\n\n<div style=\"height:70px\" aria-hidden=\"true\" class=\"wp-block-spacer\"><\/div>\n","protected":false},"excerpt":{"rendered":"<p>\u00ab\u00a0\u00c0 travers des produits de qualit\u00e9 v\u00e9rifi\u00e9e \u2705 et des partenariats avec de grandes marques, le magasin peut construire\ud83d\udc77\u200d\u2642\ufe0fune offre unique pour r\u00e9pondre \u00e0 toutes les attentes de ses clients \ud83d\uded2.\u00a0\u00bb WIZE DISTRIBUTION<\/p>\n","protected":false},"author":1,"featured_media":0,"parent":0,"menu_order":0,"comment_status":"closed","ping_status":"closed","template":"","meta":{"_editorskit_title_hidden":false,"_editorskit_reading_time":1,"_editorskit_typography_data":[],"_editorskit_blocks_typography":"","_editorskit_is_block_options_detached":false,"_editorskit_block_options_position":"{}","_coblocks_attr":"","_coblocks_dimensions":"","_coblocks_responsive_height":"","_coblocks_accordion_ie_support":"","neve_meta_sidebar":"","neve_meta_container":"","neve_meta_enable_content_width":"","neve_meta_content_width":0,"neve_meta_title_alignment":"left","neve_meta_author_avatar":"","neve_post_elements_order":"","neve_meta_disable_header":"","neve_meta_disable_footer":"","neve_meta_disable_title":"on","_ti_tpc_template_sync":false,"_ti_tpc_template_id":""},"_links":{"self":[{"href":"https:\/\/wizedistribution.com\/index.php\/wp-json\/wp\/v2\/pages\/2386"}],"collection":[{"href":"https:\/\/wizedistribution.com\/index.php\/wp-json\/wp\/v2\/pages"}],"about":[{"href":"https:\/\/wizedistribution.com\/index.php\/wp-json\/wp\/v2\/types\/page"}],"author":[{"embeddable":true,"href":"https:\/\/wizedistribution.com\/index.php\/wp-json\/wp\/v2\/users\/1"}],"replies":[{"embeddable":true,"href":"https:\/\/wizedistribution.com\/index.php\/wp-json\/wp\/v2\/comments?post=2386"}],"version-history":[{"count":6,"href":"https:\/\/wizedistribution.com\/index.php\/wp-json\/wp\/v2\/pages\/2386\/revisions"}],"predecessor-version":[{"id":3057,"href":"https:\/\/wizedistribution.com\/index.php\/wp-json\/wp\/v2\/pages\/2386\/revisions\/3057"}],"wp:attachment":[{"href":"https:\/\/wizedistribution.com\/index.php\/wp-json\/wp\/v2\/media?parent=2386"}],"curies":[{"name":"wp","href":"https:\/\/api.w.org\/{rel}","templated":true}]}}